{"id":4104,"date":"2025-03-05T16:49:39","date_gmt":"2025-03-05T15:49:39","guid":{"rendered":"https:\/\/brianbena-nostalgieautomobile.com\/?post_type=product&#038;p=4104"},"modified":"2025-03-05T16:55:26","modified_gmt":"2025-03-05T15:55:26","slug":"citroen-2cv6-copie","status":"publish","type":"product","link":"https:\/\/brianbena-nostalgieautomobile.com\/index.php\/produit\/citroen-2cv6-copie\/","title":{"rendered":"Citro\u00ebn 2cv AZAM EXPORT"},"content":{"rendered":"","protected":false},"excerpt":{"rendered":"<p><span style=\"font-weight: 400;\">Brian B\u00e9na &#8211; Nostalgie Automobile a le plaisir de vous proposer \u00e0 la vente cette magnifique Citro\u00ebn 2cv AZAM EXPORT de 1967.<\/span><\/p>\n<p><span style=\"font-weight: 400;\">Cette 2cv AZAM EXPORT a eu le droit \u00e0 une restauration compl\u00e8te, carrosserie restaur\u00e9e, peinture neuve, m\u00e9canique r\u00e9vis\u00e9e, bo\u00eete de vitesses \u00e9galement, sellerie et capote neuve, freins et suspensions neuves \u00e9galement, le ch\u00e2ssis est quant \u00e0 lui neuf\u00a0<\/span><\/p>\n<p><span style=\"font-weight: 400;\">Elle est restaur\u00e9e dans sa m\u00eame configuration qu&rsquo;\u00e0 l&rsquo;origine.<\/span><\/p>\n<p><span style=\"font-weight: 400;\">C&rsquo;est une auto int\u00e9ressante, elle fera un heureux pour son prochain propri\u00e9taire !<\/span><\/p>\n<p><span style=\"font-weight: 400;\">Pour plus d&rsquo;informations, n&rsquo;h\u00e9sitez pas \u00e0 nous contacter.<\/span><\/p>\n<p><span style=\"font-weight: 400;\">Voiture visible sur rendez-vous et situ\u00e9e dans le d\u00e9partement des Hautes-Pyr\u00e9n\u00e9es, \u00e0 Tarbes.<\/span><\/p>\n<p>&nbsp;<\/p>\n<p><strong>Brian B\u00e9na \u2013 Nostalgie Automobile<br \/>\n<\/strong>Sp\u00e9cialis\u00e9 dans la vente et dans la recherche d\u2019automobiles anciennes.<\/p>\n<p>Contact:<br \/>\nt\u00e9l: 06 67 90 88 08<\/p>\n<p>Email:\u00a0<a href=\"mailto:brianbena83.nostalgieauto@gmail.com\">brianbena83.nostalgieauto@gmail.com<\/a><\/p>\n<p>&nbsp;<\/p>\n","protected":false},"featured_media":4065,"template":"","meta":{"_monsterinsights_skip_tracking":false,"_monsterinsights_sitenote_active":false,"_monsterinsights_sitenote_note":"","_monsterinsights_sitenote_category":0,"site-sidebar-layout":"default","site-content-layout":"","ast-site-content-layout":"default","site-content-style":"default","site-sidebar-style":"default","ast-global-header-display":"","ast-banner-title-visibility":"","ast-main-header-display":"","ast-hfb-above-header-display":"","ast-hfb-below-header-display":"","ast-hfb-mobile-header-display":"","site-post-title":"","ast-breadcrumbs-content":"","ast-featured-img":"","footer-sml-layout":"","ast-disable-related-posts":"","theme-transparent-header-meta":"default","adv-header-id-meta":"","stick-header-meta":"","header-above-stick-meta":"","header-main-stick-meta":"","header-below-stick-meta":"","astra-migrate-meta-layouts":"set","ast-page-background-enabled":"default","ast-page-background-meta":{"desktop":{"background-color":"","background-image":"","background-repeat":"repeat","background-position":"center center","background-size":"auto","background-attachment":"scroll","background-type":"","background-media":"","overlay-type":"","overlay-color":"","overlay-opacity":"","overlay-gradient":""},"tablet":{"background-color":"","background-image":"","background-repeat":"repeat","background-position":"center center","background-size":"auto","background-attachment":"scroll","background-type":"","background-media":"","overlay-type":"","overlay-color":"","overlay-opacity":"","overlay-gradient":""},"mobile":{"background-color":"","background-image":"","background-repeat":"repeat","background-position":"center center","background-size":"auto","background-attachment":"scroll","background-type":"","background-media":"","overlay-type":"","overlay-color":"","overlay-opacity":"","overlay-gradient":""}},"ast-content-background-meta":{"desktop":{"background-color":"var(--ast-global-color-5)","background-image":"","background-repeat":"repeat","background-position":"center center","background-size":"auto","background-attachment":"scroll","background-type":"","background-media":"","overlay-type":"","overlay-color":"","overlay-opacity":"","overlay-gradient":""},"tablet":{"background-color":"var(--ast-global-color-5)","background-image":"","background-repeat":"repeat","background-position":"center center","background-size":"auto","background-attachment":"scroll","background-type":"","background-media":"","overlay-type":"","overlay-color":"","overlay-opacity":"","overlay-gradient":""},"mobile":{"background-color":"var(--ast-global-color-5)","background-image":"","background-repeat":"repeat","background-position":"center center","background-size":"auto","background-attachment":"scroll","background-type":"","background-media":"","overlay-type":"","overlay-color":"","overlay-opacity":"","overlay-gradient":""}}},"product_brand":[],"product_cat":[65],"product_tag":[156,155,157,162,163,170,159,161,160,169,168,171,166,167,164,165,23,51,53,32,42,43],"class_list":{"0":"post-4104","1":"product","2":"type-product","3":"status-publish","4":"has-post-thumbnail","6":"product_cat-citroen","7":"product_tag-brianbena","8":"product_tag-brianbenanostalgieautomobile","9":"product_tag-citroen","10":"product_tag-classic","11":"product_tag-classiccars","12":"product_tag-classicfrench","13":"product_tag-french","14":"product_tag-frenchcar","15":"product_tag-frenchdesign","16":"product_tag-frenchstyle","17":"product_tag-hystory","18":"product_tag-monument","19":"product_tag-old","20":"product_tag-oldcar","21":"product_tag-vintage","22":"product_tag-vintagestyle","23":"product_tag-cars","24":"product_tag-france","25":"product_tag-paris","26":"product_tag-voiture","27":"product_tag-voitureancienne","28":"product_tag-voituredecollection","29":"pa_annee-191","30":"pa_etat-bon","31":"pa_marque-citroen","32":"desktop-align-left","33":"tablet-align-left","34":"mobile-align-left","36":"first","37":"instock","38":"featured","39":"sold-individually","40":"shipping-taxable","41":"purchasable","42":"product-type-simple"},"aioseo_notices":[],"_links":{"self":[{"href":"https:\/\/brianbena-nostalgieautomobile.com\/index.php\/wp-json\/wp\/v2\/product\/4104","targetHints":{"allow":["GET"]}}],"collection":[{"href":"https:\/\/brianbena-nostalgieautomobile.com\/index.php\/wp-json\/wp\/v2\/product"}],"about":[{"href":"https:\/\/brianbena-nostalgieautomobile.com\/index.php\/wp-json\/wp\/v2\/types\/product"}],"wp:featuredmedia":[{"embeddable":true,"href":"https:\/\/brianbena-nostalgieautomobile.com\/index.php\/wp-json\/wp\/v2\/media\/4065"}],"wp:attachment":[{"href":"https:\/\/brianbena-nostalgieautomobile.com\/index.php\/wp-json\/wp\/v2\/media?parent=4104"}],"wp:term":[{"taxonomy":"product_brand","embeddable":true,"href":"https:\/\/brianbena-nostalgieautomobile.com\/index.php\/wp-json\/wp\/v2\/product_brand?post=4104"},{"taxonomy":"product_cat","embeddable":true,"href":"https:\/\/brianbena-nostalgieautomobile.com\/index.php\/wp-json\/wp\/v2\/product_cat?post=4104"},{"taxonomy":"product_tag","embeddable":true,"href":"https:\/\/brianbena-nostalgieautomobile.com\/index.php\/wp-json\/wp\/v2\/product_tag?post=4104"}],"curies":[{"name":"wp","href":"https:\/\/api.w.org\/{rel}","templated":true}]}}