{"id":4103,"date":"2025-03-05T16:41:01","date_gmt":"2025-03-05T15:41:01","guid":{"rendered":"https:\/\/brianbena-nostalgieautomobile.com\/?post_type=product&#038;p=4103"},"modified":"2025-03-05T16:47:40","modified_gmt":"2025-03-05T15:47:40","slug":"porsche-911-turbo-997","status":"publish","type":"product","link":"https:\/\/brianbena-nostalgieautomobile.com\/index.php\/produit\/porsche-911-turbo-997\/","title":{"rendered":"Porsche 911 turbo 997"},"content":{"rendered":"","protected":false},"excerpt":{"rendered":"<p><span style=\"font-weight: 400;\">Brian B\u00e9na &#8211; Nostalgie Automobile a le plaisir de vous proposer \u00e0 la vente cette magnifique Porsche 911 Turbo type 997 de 2007 :\u00a0<\/span><\/p>\n<p><span style=\"font-weight: 400;\">La Porsche 911 type 997 revient aux sources de part son design traditionnel, notamment au niveau de ses optiques avant, quant \u00e0 la version Turbo, ici pr\u00e9sent\u00e9e :\u00a0<\/span><\/p>\n<p><span style=\"font-weight: 400;\">La version Turbo 3,6 L d\u00e9livre 480ch, gr\u00e2ce \u00e0 la suralimentation biturbo.<\/span><\/p>\n<p><span style=\"font-weight: 400;\">Le 0 \u00e0 100 se fait en environ 4 secondes, pour une vitesse de pointe \u00e0 plus de 300 km\/h.<\/span><\/p>\n<p><span style=\"font-weight: 400;\">Ce moteur est le premier moteur \u00e0 essence de s\u00e9rie \u00e0 proposer des turbocompresseurs \u00e0 g\u00e9om\u00e9trie de turbine variable (VTG), d\u00e9velopp\u00e9s en coop\u00e9ration avec BorgWarner. Les aubes directrices c\u00f4t\u00e9 admission du turbocompresseur sont r\u00e9gl\u00e9es dynamiquement.<\/span><\/p>\n<p><span style=\"font-weight: 400;\">Le mod\u00e8le pr\u00e9sent\u00e9 ici poss\u00e8de moins de 46.000km au compteur, avec son carnet d&rsquo;entretien Porsche, ses r\u00e9visions en concession dont une importante r\u00e9vision en mai de l&rsquo;ann\u00e9e derni\u00e8re.<\/span><\/p>\n<p><span style=\"font-weight: 400;\">C&rsquo;est une auto int\u00e9ressante et exceptionnelle, elle fera un heureux pour son prochain propri\u00e9taire !<\/span><\/p>\n<p><span style=\"font-weight: 400;\">Pour plus d&rsquo;informations, n&rsquo;h\u00e9sitez pas \u00e0 nous contacter.<\/span><\/p>\n<p><span style=\"font-weight: 400;\">Voiture visible sur rendez-vous et situ\u00e9e dans la Marne, \u00e0 Reims.<\/span><\/p>\n<p>&nbsp;<\/p>\n<p><strong>Brian B\u00e9na \u2013 Nostalgie Automobile<br \/>\n<\/strong>Sp\u00e9cialis\u00e9 dans la vente et dans la recherche d\u2019automobiles anciennes.<\/p>\n<p>Contact:<br \/>\nt\u00e9l: 06 67 90 88 08<\/p>\n<p>Email:\u00a0<a href=\"mailto:brianbena83.nostalgieauto@gmail.com\">brianbena83.nostalgieauto@gmail.com<\/a><\/p>\n<p>&nbsp;<\/p>\n","protected":false},"featured_media":4084,"template":"","meta":{"_monsterinsights_skip_tracking":false,"_monsterinsights_sitenote_active":false,"_monsterinsights_sitenote_note":"","_monsterinsights_sitenote_category":0,"site-sidebar-layout":"default","site-content-layout":"","ast-site-content-layout":"default","site-content-style":"default","site-sidebar-style":"default","ast-global-header-display":"","ast-banner-title-visibility":"","ast-main-header-display":"","ast-hfb-above-header-display":"","ast-hfb-below-header-display":"","ast-hfb-mobile-header-display":"","site-post-title":"","ast-breadcrumbs-content":"","ast-featured-img":"","footer-sml-layout":"","ast-disable-related-posts":"","theme-transparent-header-meta":"default","adv-header-id-meta":"","stick-header-meta":"","header-above-stick-meta":"","header-main-stick-meta":"","header-below-stick-meta":"","astra-migrate-meta-layouts":"set","ast-page-background-enabled":"default","ast-page-background-meta":{"desktop":{"background-color":"","background-image":"","background-repeat":"repeat","background-position":"center center","background-size":"auto","background-attachment":"scroll","background-type":"","background-media":"","overlay-type":"","overlay-color":"","overlay-opacity":"","overlay-gradient":""},"tablet":{"background-color":"","background-image":"","background-repeat":"repeat","background-position":"center center","background-size":"auto","background-attachment":"scroll","background-type":"","background-media":"","overlay-type":"","overlay-color":"","overlay-opacity":"","overlay-gradient":""},"mobile":{"background-color":"","background-image":"","background-repeat":"repeat","background-position":"center center","background-size":"auto","background-attachment":"scroll","background-type":"","background-media":"","overlay-type":"","overlay-color":"","overlay-opacity":"","overlay-gradient":""}},"ast-content-background-meta":{"desktop":{"background-color":"var(--ast-global-color-5)","background-image":"","background-repeat":"repeat","background-position":"center center","background-size":"auto","background-attachment":"scroll","background-type":"","background-media":"","overlay-type":"","overlay-color":"","overlay-opacity":"","overlay-gradient":""},"tablet":{"background-color":"var(--ast-global-color-5)","background-image":"","background-repeat":"repeat","background-position":"center center","background-size":"auto","background-attachment":"scroll","background-type":"","background-media":"","overlay-type":"","overlay-color":"","overlay-opacity":"","overlay-gradient":""},"mobile":{"background-color":"var(--ast-global-color-5)","background-image":"","background-repeat":"repeat","background-position":"center center","background-size":"auto","background-attachment":"scroll","background-type":"","background-media":"","overlay-type":"","overlay-color":"","overlay-opacity":"","overlay-gradient":""}}},"product_brand":[],"product_cat":[55],"product_tag":[156,155,162,163,170,159,161,160,169,168,171,166,167,164,165,23,51,53,190,32,42,43],"class_list":{"0":"post-4103","1":"product","2":"type-product","3":"status-publish","4":"has-post-thumbnail","6":"product_cat-porsche","7":"product_tag-brianbena","8":"product_tag-brianbenanostalgieautomobile","9":"product_tag-classic","10":"product_tag-classiccars","11":"product_tag-classicfrench","12":"product_tag-french","13":"product_tag-frenchcar","14":"product_tag-frenchdesign","15":"product_tag-frenchstyle","16":"product_tag-hystory","17":"product_tag-monument","18":"product_tag-old","19":"product_tag-oldcar","20":"product_tag-vintage","21":"product_tag-vintagestyle","22":"product_tag-cars","23":"product_tag-france","24":"product_tag-paris","25":"product_tag-porsche","26":"product_tag-voiture","27":"product_tag-voitureancienne","28":"product_tag-voituredecollection","29":"pa_annee-189","30":"pa_etat-tres-bon","31":"pa_marque-porsche","32":"desktop-align-left","33":"tablet-align-left","34":"mobile-align-left","36":"first","37":"instock","38":"featured","39":"sold-individually","40":"shipping-taxable","41":"purchasable","42":"product-type-simple"},"aioseo_notices":[],"_links":{"self":[{"href":"https:\/\/brianbena-nostalgieautomobile.com\/index.php\/wp-json\/wp\/v2\/product\/4103","targetHints":{"allow":["GET"]}}],"collection":[{"href":"https:\/\/brianbena-nostalgieautomobile.com\/index.php\/wp-json\/wp\/v2\/product"}],"about":[{"href":"https:\/\/brianbena-nostalgieautomobile.com\/index.php\/wp-json\/wp\/v2\/types\/product"}],"wp:featuredmedia":[{"embeddable":true,"href":"https:\/\/brianbena-nostalgieautomobile.com\/index.php\/wp-json\/wp\/v2\/media\/4084"}],"wp:attachment":[{"href":"https:\/\/brianbena-nostalgieautomobile.com\/index.php\/wp-json\/wp\/v2\/media?parent=4103"}],"wp:term":[{"taxonomy":"product_brand","embeddable":true,"href":"https:\/\/brianbena-nostalgieautomobile.com\/index.php\/wp-json\/wp\/v2\/product_brand?post=4103"},{"taxonomy":"product_cat","embeddable":true,"href":"https:\/\/brianbena-nostalgieautomobile.com\/index.php\/wp-json\/wp\/v2\/product_cat?post=4103"},{"taxonomy":"product_tag","embeddable":true,"href":"https:\/\/brianbena-nostalgieautomobile.com\/index.php\/wp-json\/wp\/v2\/product_tag?post=4103"}],"curies":[{"name":"wp","href":"https:\/\/api.w.org\/{rel}","templated":true}]}}