{"id":4026,"date":"2025-02-15T15:03:19","date_gmt":"2025-02-15T14:03:19","guid":{"rendered":"https:\/\/brianbena-nostalgieautomobile.com\/?post_type=product&#038;p=4026"},"modified":"2025-02-15T15:12:51","modified_gmt":"2025-02-15T14:12:51","slug":"alfa-romeo-spider-2-0","status":"publish","type":"product","link":"https:\/\/brianbena-nostalgieautomobile.com\/index.php\/produit\/alfa-romeo-spider-2-0\/","title":{"rendered":"Alfa Romeo Spider 2.0"},"content":{"rendered":"","protected":false},"excerpt":{"rendered":"<p><span style=\"font-weight: 400;\">Brian B\u00e9na &#8211; Nostalgie Automobile a le plaisir de vous proposer \u00e0 la vente cette Alfa Romeo Spider 2.0 de 1973 :<\/span><\/p>\n<p><span style=\"font-weight: 400;\">Cette Alfa Romeo Spider est globalement saine, une r\u00e9vision globale sera \u00e0 pr\u00e9voir, des retouches en carrosserie \u00e9galement, ainsi qu\u2019une capote.<\/span><\/p>\n<p><span style=\"font-weight: 400;\">CG pr\u00e9sente.<\/span><\/p>\n<p><span style=\"font-weight: 400;\">C&rsquo;est une auto int\u00e9ressante, elle fera un heureux pour son prochain propri\u00e9taire !<\/span><\/p>\n<p><span style=\"font-weight: 400;\">Pour plus d&rsquo;informations, n&rsquo;h\u00e9sitez pas \u00e0 nous contacter.<\/span><\/p>\n<p><span style=\"font-weight: 400;\">Voiture visible sur rendez-vous et situ\u00e9e dans le Var, \u00e0 Fr\u00e9jus.<\/span><\/p>\n<p>&nbsp;<\/p>\n<p><strong>Brian B\u00e9na &#8211; Nostalgie Automobile<br \/>\n<\/strong><span style=\"font-weight: 400;\">Sp\u00e9cialis\u00e9 dans la vente et dans la recherche d&rsquo;automobiles anciennes.<\/span><\/p>\n<p><span style=\"font-weight: 400;\">Contact:<br \/>\n<\/span><span style=\"font-weight: 400;\">t\u00e9l: 06 67 90 88 08<\/span><\/p>\n<p><span style=\"font-weight: 400;\">Email: <a href=\"mailto:brianbena83.nostalgieauto@gmail.com\">brianbena83.nostalgieauto@gmail.com<\/a><\/span><\/p>\n<p>&nbsp;<\/p>\n","protected":false},"featured_media":4024,"template":"","meta":{"_monsterinsights_skip_tracking":false,"_monsterinsights_sitenote_active":false,"_monsterinsights_sitenote_note":"","_monsterinsights_sitenote_category":0,"site-sidebar-layout":"default","site-content-layout":"","ast-site-content-layout":"default","site-content-style":"default","site-sidebar-style":"default","ast-global-header-display":"","ast-banner-title-visibility":"","ast-main-header-display":"","ast-hfb-above-header-display":"","ast-hfb-below-header-display":"","ast-hfb-mobile-header-display":"","site-post-title":"","ast-breadcrumbs-content":"","ast-featured-img":"","footer-sml-layout":"","ast-disable-related-posts":"","theme-transparent-header-meta":"default","adv-header-id-meta":"","stick-header-meta":"","header-above-stick-meta":"","header-main-stick-meta":"","header-below-stick-meta":"","astra-migrate-meta-layouts":"set","ast-page-background-enabled":"default","ast-page-background-meta":{"desktop":{"background-color":"","background-image":"","background-repeat":"repeat","background-position":"center center","background-size":"auto","background-attachment":"scroll","background-type":"","background-media":"","overlay-type":"","overlay-color":"","overlay-opacity":"","overlay-gradient":""},"tablet":{"background-color":"","background-image":"","background-repeat":"repeat","background-position":"center center","background-size":"auto","background-attachment":"scroll","background-type":"","background-media":"","overlay-type":"","overlay-color":"","overlay-opacity":"","overlay-gradient":""},"mobile":{"background-color":"","background-image":"","background-repeat":"repeat","background-position":"center center","background-size":"auto","background-attachment":"scroll","background-type":"","background-media":"","overlay-type":"","overlay-color":"","overlay-opacity":"","overlay-gradient":""}},"ast-content-background-meta":{"desktop":{"background-color":"var(--ast-global-color-5)","background-image":"","background-repeat":"repeat","background-position":"center center","background-size":"auto","background-attachment":"scroll","background-type":"","background-media":"","overlay-type":"","overlay-color":"","overlay-opacity":"","overlay-gradient":""},"tablet":{"background-color":"var(--ast-global-color-5)","background-image":"","background-repeat":"repeat","background-position":"center center","background-size":"auto","background-attachment":"scroll","background-type":"","background-media":"","overlay-type":"","overlay-color":"","overlay-opacity":"","overlay-gradient":""},"mobile":{"background-color":"var(--ast-global-color-5)","background-image":"","background-repeat":"repeat","background-position":"center center","background-size":"auto","background-attachment":"scroll","background-type":"","background-media":"","overlay-type":"","overlay-color":"","overlay-opacity":"","overlay-gradient":""}}},"product_brand":[],"product_cat":[173],"product_tag":[156,155,162,163,170,159,161,160,169,168,171,166,167,164,165,174,23,51,53,32,42,43],"class_list":{"0":"post-4026","1":"product","2":"type-product","3":"status-publish","4":"has-post-thumbnail","6":"product_cat-alpha-romeo","7":"product_tag-brianbena","8":"product_tag-brianbenanostalgieautomobile","9":"product_tag-classic","10":"product_tag-classiccars","11":"product_tag-classicfrench","12":"product_tag-french","13":"product_tag-frenchcar","14":"product_tag-frenchdesign","15":"product_tag-frenchstyle","16":"product_tag-hystory","17":"product_tag-monument","18":"product_tag-old","19":"product_tag-oldcar","20":"product_tag-vintage","21":"product_tag-vintagestyle","22":"product_tag-alpha-romeo","23":"product_tag-cars","24":"product_tag-france","25":"product_tag-paris","26":"product_tag-voiture","27":"product_tag-voitureancienne","28":"product_tag-voituredecollection","29":"pa_annee-143","30":"pa_etat-saine","31":"pa_marque-alpha-romeo","32":"desktop-align-left","33":"tablet-align-left","34":"mobile-align-left","36":"first","37":"instock","38":"featured","39":"sold-individually","40":"shipping-taxable","41":"purchasable","42":"product-type-simple"},"aioseo_notices":[],"_links":{"self":[{"href":"https:\/\/brianbena-nostalgieautomobile.com\/index.php\/wp-json\/wp\/v2\/product\/4026","targetHints":{"allow":["GET"]}}],"collection":[{"href":"https:\/\/brianbena-nostalgieautomobile.com\/index.php\/wp-json\/wp\/v2\/product"}],"about":[{"href":"https:\/\/brianbena-nostalgieautomobile.com\/index.php\/wp-json\/wp\/v2\/types\/product"}],"wp:featuredmedia":[{"embeddable":true,"href":"https:\/\/brianbena-nostalgieautomobile.com\/index.php\/wp-json\/wp\/v2\/media\/4024"}],"wp:attachment":[{"href":"https:\/\/brianbena-nostalgieautomobile.com\/index.php\/wp-json\/wp\/v2\/media?parent=4026"}],"wp:term":[{"taxonomy":"product_brand","embeddable":true,"href":"https:\/\/brianbena-nostalgieautomobile.com\/index.php\/wp-json\/wp\/v2\/product_brand?post=4026"},{"taxonomy":"product_cat","embeddable":true,"href":"https:\/\/brianbena-nostalgieautomobile.com\/index.php\/wp-json\/wp\/v2\/product_cat?post=4026"},{"taxonomy":"product_tag","embeddable":true,"href":"https:\/\/brianbena-nostalgieautomobile.com\/index.php\/wp-json\/wp\/v2\/product_tag?post=4026"}],"curies":[{"name":"wp","href":"https:\/\/api.w.org\/{rel}","templated":true}]}}