{"id":4019,"date":"2024-12-20T11:57:33","date_gmt":"2024-12-20T10:57:33","guid":{"rendered":"https:\/\/brianbena-nostalgieautomobile.com\/?post_type=product&#038;p=4019"},"modified":"2025-12-09T14:44:34","modified_gmt":"2025-12-09T13:44:34","slug":"citroen-2cv-de-1959","status":"publish","type":"product","link":"https:\/\/brianbena-nostalgieautomobile.com\/index.php\/produit\/citroen-2cv-de-1959\/","title":{"rendered":"Citro\u00ebn 2cv de 1959"},"content":{"rendered":"","protected":false},"excerpt":{"rendered":"<p><span style=\"font-weight: 400;\">Brian B\u00e9na &#8211; Nostalgie Automobile a le plaisir de vous proposer \u00e0 la vente cette Citro\u00ebn 2cv de 1959.<\/span><\/p>\n<p><span style=\"font-weight: 400;\">Cette ic\u00f4ne nationale a \u00e9t\u00e9 restaur\u00e9e par l&rsquo;un de ses pr\u00e9c\u00e9dents propri\u00e9taires, elle est aujourd&rsquo;hui dans un tr\u00e8s bel \u00e9tat g\u00e9n\u00e9ral. <\/span><span style=\"font-weight: 400;\">La carrosserie est saine, la peinture est en excellent \u00e9tat, les soubassements sont sains.<\/span><\/p>\n<p><span style=\"font-weight: 400;\">C\u00f4t\u00e9 m\u00e9canique, elle tourne et roule bien.<\/span><\/p>\n<p><span style=\"font-weight: 400;\">C&rsquo;est une auto int\u00e9ressante, elle fera un heureux pour son prochain propri\u00e9taire !<\/span><\/p>\n<p><span style=\"font-weight: 400;\">Pour plus d\u2019informations, n\u2019h\u00e9sitez pas \u00e0 nous contacter.<\/span><\/p>\n<p><span style=\"font-weight: 400;\">Voiture visible sur rendez-vous et situ\u00e9e dans le Var, \u00e0 Roquebrune-sur-Argens.<\/span><\/p>\n","protected":false},"featured_media":3995,"template":"","meta":{"_monsterinsights_skip_tracking":false,"_monsterinsights_sitenote_active":false,"_monsterinsights_sitenote_note":"","_monsterinsights_sitenote_category":0,"site-sidebar-layout":"default","site-content-layout":"","ast-site-content-layout":"default","site-content-style":"default","site-sidebar-style":"default","ast-global-header-display":"","ast-banner-title-visibility":"","ast-main-header-display":"","ast-hfb-above-header-display":"","ast-hfb-below-header-display":"","ast-hfb-mobile-header-display":"","site-post-title":"","ast-breadcrumbs-content":"","ast-featured-img":"","footer-sml-layout":"","ast-disable-related-posts":"","theme-transparent-header-meta":"default","adv-header-id-meta":"","stick-header-meta":"","header-above-stick-meta":"","header-main-stick-meta":"","header-below-stick-meta":"","astra-migrate-meta-layouts":"set","ast-page-background-enabled":"default","ast-page-background-meta":{"desktop":{"background-color":"","background-image":"","background-repeat":"repeat","background-position":"center center","background-size":"auto","background-attachment":"scroll","background-type":"","background-media":"","overlay-type":"","overlay-color":"","overlay-opacity":"","overlay-gradient":""},"tablet":{"background-color":"","background-image":"","background-repeat":"repeat","background-position":"center center","background-size":"auto","background-attachment":"scroll","background-type":"","background-media":"","overlay-type":"","overlay-color":"","overlay-opacity":"","overlay-gradient":""},"mobile":{"background-color":"","background-image":"","background-repeat":"repeat","background-position":"center center","background-size":"auto","background-attachment":"scroll","background-type":"","background-media":"","overlay-type":"","overlay-color":"","overlay-opacity":"","overlay-gradient":""}},"ast-content-background-meta":{"desktop":{"background-color":"var(--ast-global-color-5)","background-image":"","background-repeat":"repeat","background-position":"center center","background-size":"auto","background-attachment":"scroll","background-type":"","background-media":"","overlay-type":"","overlay-color":"","overlay-opacity":"","overlay-gradient":""},"tablet":{"background-color":"var(--ast-global-color-5)","background-image":"","background-repeat":"repeat","background-position":"center center","background-size":"auto","background-attachment":"scroll","background-type":"","background-media":"","overlay-type":"","overlay-color":"","overlay-opacity":"","overlay-gradient":""},"mobile":{"background-color":"var(--ast-global-color-5)","background-image":"","background-repeat":"repeat","background-position":"center center","background-size":"auto","background-attachment":"scroll","background-type":"","background-media":"","overlay-type":"","overlay-color":"","overlay-opacity":"","overlay-gradient":""}}},"product_brand":[],"product_cat":[65],"product_tag":[156,155,157,158,162,163,170,159,161,160,169,168,171,166,167,164,165,23,51,53,32,42,43],"class_list":{"0":"post-4019","1":"product","2":"type-product","3":"status-publish","4":"has-post-thumbnail","6":"product_cat-citroen","7":"product_tag-brianbena","8":"product_tag-brianbenanostalgieautomobile","9":"product_tag-citroen","10":"product_tag-citroenclassic","11":"product_tag-classic","12":"product_tag-classiccars","13":"product_tag-classicfrench","14":"product_tag-french","15":"product_tag-frenchcar","16":"product_tag-frenchdesign","17":"product_tag-frenchstyle","18":"product_tag-hystory","19":"product_tag-monument","20":"product_tag-old","21":"product_tag-oldcar","22":"product_tag-vintage","23":"product_tag-vintagestyle","24":"product_tag-cars","25":"product_tag-france","26":"product_tag-paris","27":"product_tag-voiture","28":"product_tag-voitureancienne","29":"product_tag-voituredecollection","30":"pa_annee-133","31":"pa_etat-restauree","32":"pa_etat-tres-bon","33":"pa_marque-citroen","34":"desktop-align-left","35":"tablet-align-left","36":"mobile-align-left","38":"first","39":"outofstock","40":"featured","41":"sold-individually","42":"shipping-taxable","43":"purchasable","44":"product-type-simple"},"aioseo_notices":[],"_links":{"self":[{"href":"https:\/\/brianbena-nostalgieautomobile.com\/index.php\/wp-json\/wp\/v2\/product\/4019","targetHints":{"allow":["GET"]}}],"collection":[{"href":"https:\/\/brianbena-nostalgieautomobile.com\/index.php\/wp-json\/wp\/v2\/product"}],"about":[{"href":"https:\/\/brianbena-nostalgieautomobile.com\/index.php\/wp-json\/wp\/v2\/types\/product"}],"wp:featuredmedia":[{"embeddable":true,"href":"https:\/\/brianbena-nostalgieautomobile.com\/index.php\/wp-json\/wp\/v2\/media\/3995"}],"wp:attachment":[{"href":"https:\/\/brianbena-nostalgieautomobile.com\/index.php\/wp-json\/wp\/v2\/media?parent=4019"}],"wp:term":[{"taxonomy":"product_brand","embeddable":true,"href":"https:\/\/brianbena-nostalgieautomobile.com\/index.php\/wp-json\/wp\/v2\/product_brand?post=4019"},{"taxonomy":"product_cat","embeddable":true,"href":"https:\/\/brianbena-nostalgieautomobile.com\/index.php\/wp-json\/wp\/v2\/product_cat?post=4019"},{"taxonomy":"product_tag","embeddable":true,"href":"https:\/\/brianbena-nostalgieautomobile.com\/index.php\/wp-json\/wp\/v2\/product_tag?post=4019"}],"curies":[{"name":"wp","href":"https:\/\/api.w.org\/{rel}","templated":true}]}}