{"id":3913,"date":"2024-09-14T12:11:54","date_gmt":"2024-09-14T10:11:54","guid":{"rendered":"https:\/\/brianbena-nostalgieautomobile.com\/?post_type=product&#038;p=3913"},"modified":"2025-03-05T17:00:59","modified_gmt":"2025-03-05T16:00:59","slug":"chevrolet-corvette-c1","status":"publish","type":"product","link":"https:\/\/brianbena-nostalgieautomobile.com\/index.php\/produit\/chevrolet-corvette-c1\/","title":{"rendered":"Chevrolet Corvette C1"},"content":{"rendered":"","protected":false},"excerpt":{"rendered":"<p><span style=\"font-weight: 400;\">Brian B\u00e9na &#8211; Nostalgie Automobile a le plaisir de vous proposer \u00e0 la vente cette Chevrolet Corvette C1 de 1960 :<\/span><\/p>\n<p><span style=\"font-weight: 400;\">Produite \u00e0 partir de 1953, au d\u00e9part avec un 6 cylindres en ligne de 3,9 L, et quelque temps plus tard avec un V8.<br \/>\n<\/span><span style=\"font-weight: 400;\">Le mod\u00e8le pr\u00e9sent\u00e9 ici est une corvette de 1960, elle b\u00e9n\u00e9ficie ainsi d&rsquo;une nouvelle carrosserie (\u00e0 partir de 1956 et sera modifi\u00e9e au fil du temps), ainsi qu&rsquo;un nouveau V8.<br \/>\n<\/span><span style=\"font-weight: 400;\">Import\u00e9e des \u00c9tats-Unis il y a 4 ans.<br \/>\n<\/span><\/p>\n<p><span style=\"font-weight: 400;\">C\u00f4t\u00e9 m\u00e9canique, elle sort de r\u00e9vision, pompe \u00e0 essence \u00e9lectrique, celle d&rsquo;origine est toujours disponible, la bo\u00eete de vitesses est restaur\u00e9e, pneus neufs, les freins sont d\u00e9sormais \u00e0 disque, (les freins d&rsquo;origines sont disponibles), la ligne d&rsquo;\u00e9chappement est neuve.<br \/>\n<\/span><span style=\"font-weight: 400;\">La carrosserie est d&rsquo;origine, la peinture pr\u00e9sente bien, avec quelques d\u00e9fauts qui t\u00e9moignent de son temps, elle poss\u00e8de son Hard-top.<br \/>\n<\/span><\/p>\n<p><span style=\"font-weight: 400;\">C\u00f4t\u00e9 sellerie, elle est bien conserv\u00e9e, les assises sont neuves, capote neuve, tableau de bord peint r\u00e9cemment.<\/span><\/p>\n<p><span style=\"font-weight: 400;\">Carte grise collection.<br \/>\n<\/span><span style=\"font-weight: 400;\">Cette voiture est id\u00e9ale pour un collectionneur souhaitant poss\u00e9der une voiture exceptionnelle, une ic\u00f4ne de l&rsquo;automobile.<br \/>\n<\/span><\/p>\n<p><span style=\"font-weight: 400;\">Pour plus d\u2019informations, n\u2019h\u00e9sitez pas \u00e0 nous contacter.<br \/>\n<\/span><span style=\"font-weight: 400;\">Voiture visible sur rendez-vous et situ\u00e9e en Dordogne.<\/span><\/p>\n<p><span style=\"font-weight: 400;\">Prix : 95.000,00\u20ac<\/span><\/p>\n<p><span style=\"font-weight: 400;\">Brian B\u00e9na \u2013 Nostalgie Automobile :<\/span><\/p>\n<p><span style=\"font-weight: 400;\">Sp\u00e9cialis\u00e9 dans la vente et dans la recherche d\u2019automobiles anciennes.<\/span><\/p>\n<p><span style=\"font-weight: 400;\">Nous contacter :<br \/>\n<\/span><span style=\"font-weight: 400;\">E-mail : <a href=\"mailto:brianbena83.nostalgieauto@gmail.com\">brianbena83.nostalgieauto@gmail.com<\/a><br \/>\n<\/span><span style=\"font-weight: 400;\">T\u00e9l\u00e9phone : <a href=\"tel: 06 67 90 88 08\">06 67 90 88 08\u00a0<\/a><br \/>\n<\/span><span style=\"font-weight: 400;\">Site web : <a href=\"https:\/\/brianbena-nostalgieautomobile.com\/\">Brian B\u00e9na &#8211; Nostalgie Automobile<\/a><\/span><\/p>\n","protected":false},"featured_media":3879,"template":"","meta":{"_monsterinsights_skip_tracking":false,"_monsterinsights_sitenote_active":false,"_monsterinsights_sitenote_note":"","_monsterinsights_sitenote_category":0,"site-sidebar-layout":"default","site-content-layout":"","ast-site-content-layout":"default","site-content-style":"default","site-sidebar-style":"default","ast-global-header-display":"","ast-banner-title-visibility":"","ast-main-header-display":"","ast-hfb-above-header-display":"","ast-hfb-below-header-display":"","ast-hfb-mobile-header-display":"","site-post-title":"","ast-breadcrumbs-content":"","ast-featured-img":"","footer-sml-layout":"","ast-disable-related-posts":"","theme-transparent-header-meta":"default","adv-header-id-meta":"","stick-header-meta":"","header-above-stick-meta":"","header-main-stick-meta":"","header-below-stick-meta":"","astra-migrate-meta-layouts":"set","ast-page-background-enabled":"default","ast-page-background-meta":{"desktop":{"background-color":"","background-image":"","background-repeat":"repeat","background-position":"center center","background-size":"auto","background-attachment":"scroll","background-type":"","background-media":"","overlay-type":"","overlay-color":"","overlay-opacity":"","overlay-gradient":""},"tablet":{"background-color":"","background-image":"","background-repeat":"repeat","background-position":"center center","background-size":"auto","background-attachment":"scroll","background-type":"","background-media":"","overlay-type":"","overlay-color":"","overlay-opacity":"","overlay-gradient":""},"mobile":{"background-color":"","background-image":"","background-repeat":"repeat","background-position":"center center","background-size":"auto","background-attachment":"scroll","background-type":"","background-media":"","overlay-type":"","overlay-color":"","overlay-opacity":"","overlay-gradient":""}},"ast-content-background-meta":{"desktop":{"background-color":"var(--ast-global-color-5)","background-image":"","background-repeat":"repeat","background-position":"center center","background-size":"auto","background-attachment":"scroll","background-type":"","background-media":"","overlay-type":"","overlay-color":"","overlay-opacity":"","overlay-gradient":""},"tablet":{"background-color":"var(--ast-global-color-5)","background-image":"","background-repeat":"repeat","background-position":"center center","background-size":"auto","background-attachment":"scroll","background-type":"","background-media":"","overlay-type":"","overlay-color":"","overlay-opacity":"","overlay-gradient":""},"mobile":{"background-color":"var(--ast-global-color-5)","background-image":"","background-repeat":"repeat","background-position":"center center","background-size":"auto","background-attachment":"scroll","background-type":"","background-media":"","overlay-type":"","overlay-color":"","overlay-opacity":"","overlay-gradient":""}}},"product_brand":[],"product_cat":[147],"product_tag":[45,46,47,23,48,51,53,61,42,43,33,35,54],"class_list":{"0":"post-3913","1":"product","2":"type-product","3":"status-publish","4":"has-post-thumbnail","6":"product_cat-chevrolet","7":"product_tag-1930s","8":"product_tag-automobile","9":"product_tag-avantguerre","10":"product_tag-cars","11":"product_tag-carsclassic","12":"product_tag-france","13":"product_tag-paris","14":"product_tag-peugeot","15":"product_tag-voitureancienne","16":"product_tag-voituredecollection","17":"product_tag-voituredeluxe","18":"product_tag-voitureoccasion","19":"product_tag-ww2","20":"pa_annee-151","21":"pa_etat-tres-bon","22":"pa_marque-chevrolet","23":"desktop-align-left","24":"tablet-align-left","25":"mobile-align-left","27":"first","28":"outofstock","29":"sold-individually","30":"shipping-taxable","31":"purchasable","32":"product-type-simple"},"aioseo_notices":[],"_links":{"self":[{"href":"https:\/\/brianbena-nostalgieautomobile.com\/index.php\/wp-json\/wp\/v2\/product\/3913","targetHints":{"allow":["GET"]}}],"collection":[{"href":"https:\/\/brianbena-nostalgieautomobile.com\/index.php\/wp-json\/wp\/v2\/product"}],"about":[{"href":"https:\/\/brianbena-nostalgieautomobile.com\/index.php\/wp-json\/wp\/v2\/types\/product"}],"wp:featuredmedia":[{"embeddable":true,"href":"https:\/\/brianbena-nostalgieautomobile.com\/index.php\/wp-json\/wp\/v2\/media\/3879"}],"wp:attachment":[{"href":"https:\/\/brianbena-nostalgieautomobile.com\/index.php\/wp-json\/wp\/v2\/media?parent=3913"}],"wp:term":[{"taxonomy":"product_brand","embeddable":true,"href":"https:\/\/brianbena-nostalgieautomobile.com\/index.php\/wp-json\/wp\/v2\/product_brand?post=3913"},{"taxonomy":"product_cat","embeddable":true,"href":"https:\/\/brianbena-nostalgieautomobile.com\/index.php\/wp-json\/wp\/v2\/product_cat?post=3913"},{"taxonomy":"product_tag","embeddable":true,"href":"https:\/\/brianbena-nostalgieautomobile.com\/index.php\/wp-json\/wp\/v2\/product_tag?post=3913"}],"curies":[{"name":"wp","href":"https:\/\/api.w.org\/{rel}","templated":true}]}}