{"id":3871,"date":"2024-07-13T15:13:28","date_gmt":"2024-07-13T13:13:28","guid":{"rendered":"https:\/\/brianbena-nostalgieautomobile.com\/?post_type=product&#038;p=3871"},"modified":"2025-03-05T17:01:15","modified_gmt":"2025-03-05T16:01:15","slug":"ferrari-dino-246-gt","status":"publish","type":"product","link":"https:\/\/brianbena-nostalgieautomobile.com\/index.php\/produit\/ferrari-dino-246-gt\/","title":{"rendered":"Ferrari Dino 246 GT"},"content":{"rendered":"","protected":false},"excerpt":{"rendered":"<p><span style=\"font-weight: 400;\">Brian B\u00e9na &#8211; Nostalgie Automobile a le plaisir de vous proposer \u00e0 la vente cette sublime Ferrari Dino 246 GT de 1973 : <\/span><\/p>\n<p><span style=\"font-weight: 400;\">Pr\u00e9sent\u00e9e lors du Salon international de l&rsquo;automobile de Gen\u00e8ve en 1969, cette nouvelle Ferrari succ\u00e8de \u00e0 la Dino 206 GT.<\/span><\/p>\n<p><span style=\"font-weight: 400;\">La Ferrari Dino 246 GT (24 pour la cylindr\u00e9e de 2,4 L et 6 pour l&rsquo;architecture du moteur, un 6 cylindres en V), est construite par la filiale de Ferrari Dino, baptis\u00e9e ainsi en hommage \u00e0 Dino Ferrari, le fils a\u00een\u00e9 d&rsquo;Enzo Ferrari.<\/span><\/p>\n<p><span style=\"font-weight: 400;\">Elle affiche une pointe \u00e0 240 km\/h et le 0-100 km\/h en 7,4 secondes !\u00a0<\/span><\/p>\n<p><span style=\"font-weight: 400;\">Il s&rsquo;agit de la premi\u00e8re Ferrari de s\u00e9rie combinant moteur central et propulsion, la tenue de route est exemplaire pour son \u00e9poque.\u00a0<\/span><span style=\"font-weight: 400;\">Elle sera produite entre 1969 \u00e0 1974, 3 761 exemplaires seront produits.<\/span><\/p>\n<p><span style=\"font-weight: 400;\">Cette Ferrari Dino 246 GT f\u00fbt livr\u00e9e au concessionnaire Ferrari Charles POZZI \u00e0 Paris en 1973, toujours entretenue jusqu&rsquo;\u00e0 aujourd&rsquo;hui, elle se trouve en excellent \u00e9tat et l&rsquo;historique est pr\u00e9sent.<\/span><\/p>\n<p><span style=\"font-weight: 400;\">Kilom\u00e9trage : 110.000 km.<\/span><\/p>\n<p><span style=\"font-weight: 400;\">Cette voiture est id\u00e9ale pour un collectionneur souhaitant poss\u00e9der une voiture exceptionnelle, une ic\u00f4ne de l&rsquo;automobile.\u00a0<\/span><\/p>\n<p><span style=\"font-weight: 400;\">Pour plus d\u2019informations, n\u2019h\u00e9sitez pas \u00e0 nous contacter.<br \/>\n<\/span><span style=\"font-weight: 400;\">Voiture visible sur rendez-vous et situ\u00e9e en r\u00e9gion Nouvelle Aquitaine.<\/span><\/p>\n<p><span style=\"font-weight: 400;\">Brian B\u00e9na \u2013 Nostalgie Automobile :<br \/>\n<\/span><span style=\"font-weight: 400;\">Sp\u00e9cialis\u00e9 dans la vente et dans la recherche d\u2019automobiles anciennes.<\/span><\/p>\n<p><span style=\"font-weight: 400;\">Nous contacter :<br \/>\n<\/span><span style=\"font-weight: 400;\">E-mail : <a href=\"mailto:brianbena83.nostalgieauto@gmail.com\">brianbena83.nostalgieauto@gmail.com<\/a><br \/>\n<\/span><span style=\"font-weight: 400;\">T\u00e9l\u00e9phone : <a href=\"tel: 06 67 90 88 08\">06 67 90 88 08\u00a0<\/a><br \/>\n<\/span><span style=\"font-weight: 400;\">Site web : <a href=\"https:\/\/brianbena-nostalgieautomobile.com\/\">Brian B\u00e9na &#8211; Nostalgie Automobile<\/a><\/span><\/p>\n","protected":false},"featured_media":3793,"template":"","meta":{"_monsterinsights_skip_tracking":false,"_monsterinsights_sitenote_active":false,"_monsterinsights_sitenote_note":"","_monsterinsights_sitenote_category":0,"site-sidebar-layout":"default","site-content-layout":"","ast-site-content-layout":"default","site-content-style":"default","site-sidebar-style":"default","ast-global-header-display":"","ast-banner-title-visibility":"","ast-main-header-display":"","ast-hfb-above-header-display":"","ast-hfb-below-header-display":"","ast-hfb-mobile-header-display":"","site-post-title":"","ast-breadcrumbs-content":"","ast-featured-img":"","footer-sml-layout":"","ast-disable-related-posts":"","theme-transparent-header-meta":"default","adv-header-id-meta":"","stick-header-meta":"","header-above-stick-meta":"","header-main-stick-meta":"","header-below-stick-meta":"","astra-migrate-meta-layouts":"set","ast-page-background-enabled":"default","ast-page-background-meta":{"desktop":{"background-color":"","background-image":"","background-repeat":"repeat","background-position":"center center","background-size":"auto","background-attachment":"scroll","background-type":"","background-media":"","overlay-type":"","overlay-color":"","overlay-opacity":"","overlay-gradient":""},"tablet":{"background-color":"","background-image":"","background-repeat":"repeat","background-position":"center center","background-size":"auto","background-attachment":"scroll","background-type":"","background-media":"","overlay-type":"","overlay-color":"","overlay-opacity":"","overlay-gradient":""},"mobile":{"background-color":"","background-image":"","background-repeat":"repeat","background-position":"center center","background-size":"auto","background-attachment":"scroll","background-type":"","background-media":"","overlay-type":"","overlay-color":"","overlay-opacity":"","overlay-gradient":""}},"ast-content-background-meta":{"desktop":{"background-color":"var(--ast-global-color-5)","background-image":"","background-repeat":"repeat","background-position":"center center","background-size":"auto","background-attachment":"scroll","background-type":"","background-media":"","overlay-type":"","overlay-color":"","overlay-opacity":"","overlay-gradient":""},"tablet":{"background-color":"var(--ast-global-color-5)","background-image":"","background-repeat":"repeat","background-position":"center center","background-size":"auto","background-attachment":"scroll","background-type":"","background-media":"","overlay-type":"","overlay-color":"","overlay-opacity":"","overlay-gradient":""},"mobile":{"background-color":"var(--ast-global-color-5)","background-image":"","background-repeat":"repeat","background-position":"center center","background-size":"auto","background-attachment":"scroll","background-type":"","background-media":"","overlay-type":"","overlay-color":"","overlay-opacity":"","overlay-gradient":""}}},"product_brand":[],"product_cat":[22],"product_tag":[45,46,47,23,48,51,53,61,42,43,33,35,54],"class_list":{"0":"post-3871","1":"product","2":"type-product","3":"status-publish","4":"has-post-thumbnail","6":"product_cat-ferrari","7":"product_tag-1930s","8":"product_tag-automobile","9":"product_tag-avantguerre","10":"product_tag-cars","11":"product_tag-carsclassic","12":"product_tag-france","13":"product_tag-paris","14":"product_tag-peugeot","15":"product_tag-voitureancienne","16":"product_tag-voituredecollection","17":"product_tag-voituredeluxe","18":"product_tag-voitureoccasion","19":"product_tag-ww2","20":"pa_annee-143","21":"pa_etat-tres-bon","22":"pa_marque-ferrari","23":"desktop-align-left","24":"tablet-align-left","25":"mobile-align-left","27":"first","28":"outofstock","29":"sold-individually","30":"shipping-taxable","31":"purchasable","32":"product-type-simple"},"aioseo_notices":[],"_links":{"self":[{"href":"https:\/\/brianbena-nostalgieautomobile.com\/index.php\/wp-json\/wp\/v2\/product\/3871","targetHints":{"allow":["GET"]}}],"collection":[{"href":"https:\/\/brianbena-nostalgieautomobile.com\/index.php\/wp-json\/wp\/v2\/product"}],"about":[{"href":"https:\/\/brianbena-nostalgieautomobile.com\/index.php\/wp-json\/wp\/v2\/types\/product"}],"wp:featuredmedia":[{"embeddable":true,"href":"https:\/\/brianbena-nostalgieautomobile.com\/index.php\/wp-json\/wp\/v2\/media\/3793"}],"wp:attachment":[{"href":"https:\/\/brianbena-nostalgieautomobile.com\/index.php\/wp-json\/wp\/v2\/media?parent=3871"}],"wp:term":[{"taxonomy":"product_brand","embeddable":true,"href":"https:\/\/brianbena-nostalgieautomobile.com\/index.php\/wp-json\/wp\/v2\/product_brand?post=3871"},{"taxonomy":"product_cat","embeddable":true,"href":"https:\/\/brianbena-nostalgieautomobile.com\/index.php\/wp-json\/wp\/v2\/product_cat?post=3871"},{"taxonomy":"product_tag","embeddable":true,"href":"https:\/\/brianbena-nostalgieautomobile.com\/index.php\/wp-json\/wp\/v2\/product_tag?post=3871"}],"curies":[{"name":"wp","href":"https:\/\/api.w.org\/{rel}","templated":true}]}}