{"id":3768,"date":"2024-03-20T15:47:21","date_gmt":"2024-03-20T14:47:21","guid":{"rendered":"https:\/\/brianbena-nostalgieautomobile.com\/?post_type=product&#038;p=3768"},"modified":"2025-03-05T16:59:59","modified_gmt":"2025-03-05T15:59:59","slug":"austin-healey-100-6","status":"publish","type":"product","link":"https:\/\/brianbena-nostalgieautomobile.com\/index.php\/produit\/austin-healey-100-6\/","title":{"rendered":"Austin-Healey 100\/6"},"content":{"rendered":"","protected":false},"excerpt":{"rendered":"<p><span style=\"font-weight: 400;\">Brian B\u00e9na &#8211; Nostalgie Automobile a le plaisir de vous proposer \u00e0 la vente cette Austin-Healey 100\/6 de 1959 :<\/span><\/p>\n<p><span style=\"font-weight: 400;\">La 100\/6 sera produite entre 1956 \u00e0 1959, elle succ\u00e8de \u00e0 la 100\/4, cette nouvelle Austin-Harley poss\u00e8de dor\u00e9navant un 6 cylindres en ligne (2,6 L), et un empattement plus long.<\/span><\/p>\n<p><span style=\"font-weight: 400;\">Cette magnifique auto se trouve sans un tr\u00e8s bel \u00e9tat g\u00e9n\u00e9ral.<\/span><\/p>\n<p><span style=\"font-weight: 400;\">La carrosserie pr\u00e9sente un tr\u00e8s bel \u00e9tat, cette combinaison de couleur souligne parfaitement ses lignes.<\/span><\/p>\n<p><span style=\"font-weight: 400;\">La sellerie est en parfait \u00e9tat, l&rsquo;habitacle g\u00e9n\u00e9ral \u00e9galement, idem pour la capote.<\/span><\/p>\n<p><span style=\"font-weight: 400;\">La m\u00e9canique fonctionne parfaitement bien.<\/span><\/p>\n<p><span style=\"font-weight: 400;\">Cette voiture est id\u00e9ale pour un collectionneur souhaitant poss\u00e9der une voiture exceptionnelle.<\/span><\/p>\n<p><span style=\"font-weight: 400;\">Dossier expertise disponible.<\/span><\/p>\n<p><span style=\"font-weight: 400;\">Pour plus d&rsquo;informations, n&rsquo;h\u00e9sitez pas \u00e0 nous contacter.<\/span><\/p>\n<p><span style=\"font-weight: 400;\">voiture visible sur rendez-vous et situ\u00e9e en Haute-Marne.<\/span><\/p>\n","protected":false},"featured_media":3742,"template":"","meta":{"_monsterinsights_skip_tracking":false,"_monsterinsights_sitenote_active":false,"_monsterinsights_sitenote_note":"","_monsterinsights_sitenote_category":0,"site-sidebar-layout":"default","site-content-layout":"","ast-site-content-layout":"default","site-content-style":"default","site-sidebar-style":"default","ast-global-header-display":"","ast-banner-title-visibility":"","ast-main-header-display":"","ast-hfb-above-header-display":"","ast-hfb-below-header-display":"","ast-hfb-mobile-header-display":"","site-post-title":"","ast-breadcrumbs-content":"","ast-featured-img":"","footer-sml-layout":"","ast-disable-related-posts":"","theme-transparent-header-meta":"default","adv-header-id-meta":"","stick-header-meta":"","header-above-stick-meta":"","header-main-stick-meta":"","header-below-stick-meta":"","astra-migrate-meta-layouts":"set","ast-page-background-enabled":"default","ast-page-background-meta":{"desktop":{"background-color":"","background-image":"","background-repeat":"repeat","background-position":"center center","background-size":"auto","background-attachment":"scroll","background-type":"","background-media":"","overlay-type":"","overlay-color":"","overlay-opacity":"","overlay-gradient":""},"tablet":{"background-color":"","background-image":"","background-repeat":"repeat","background-position":"center center","background-size":"auto","background-attachment":"scroll","background-type":"","background-media":"","overlay-type":"","overlay-color":"","overlay-opacity":"","overlay-gradient":""},"mobile":{"background-color":"","background-image":"","background-repeat":"repeat","background-position":"center center","background-size":"auto","background-attachment":"scroll","background-type":"","background-media":"","overlay-type":"","overlay-color":"","overlay-opacity":"","overlay-gradient":""}},"ast-content-background-meta":{"desktop":{"background-color":"var(--ast-global-color-5)","background-image":"","background-repeat":"repeat","background-position":"center center","background-size":"auto","background-attachment":"scroll","background-type":"","background-media":"","overlay-type":"","overlay-color":"","overlay-opacity":"","overlay-gradient":""},"tablet":{"background-color":"var(--ast-global-color-5)","background-image":"","background-repeat":"repeat","background-position":"center center","background-size":"auto","background-attachment":"scroll","background-type":"","background-media":"","overlay-type":"","overlay-color":"","overlay-opacity":"","overlay-gradient":""},"mobile":{"background-color":"var(--ast-global-color-5)","background-image":"","background-repeat":"repeat","background-position":"center center","background-size":"auto","background-attachment":"scroll","background-type":"","background-media":"","overlay-type":"","overlay-color":"","overlay-opacity":"","overlay-gradient":""}}},"product_brand":[],"product_cat":[130],"product_tag":[45,46,47,23,48,51,53,61,42,43,33,35,54],"class_list":{"0":"post-3768","1":"product","2":"type-product","3":"status-publish","4":"has-post-thumbnail","6":"product_cat-austin","7":"product_tag-1930s","8":"product_tag-automobile","9":"product_tag-avantguerre","10":"product_tag-cars","11":"product_tag-carsclassic","12":"product_tag-france","13":"product_tag-paris","14":"product_tag-peugeot","15":"product_tag-voitureancienne","16":"product_tag-voituredecollection","17":"product_tag-voituredeluxe","18":"product_tag-voitureoccasion","19":"product_tag-ww2","20":"pa_annee-133","21":"pa_etat-tres-bon","22":"pa_marque-austin","23":"desktop-align-left","24":"tablet-align-left","25":"mobile-align-left","27":"first","28":"outofstock","29":"sold-individually","30":"shipping-taxable","31":"purchasable","32":"product-type-simple"},"aioseo_notices":[],"_links":{"self":[{"href":"https:\/\/brianbena-nostalgieautomobile.com\/index.php\/wp-json\/wp\/v2\/product\/3768","targetHints":{"allow":["GET"]}}],"collection":[{"href":"https:\/\/brianbena-nostalgieautomobile.com\/index.php\/wp-json\/wp\/v2\/product"}],"about":[{"href":"https:\/\/brianbena-nostalgieautomobile.com\/index.php\/wp-json\/wp\/v2\/types\/product"}],"wp:featuredmedia":[{"embeddable":true,"href":"https:\/\/brianbena-nostalgieautomobile.com\/index.php\/wp-json\/wp\/v2\/media\/3742"}],"wp:attachment":[{"href":"https:\/\/brianbena-nostalgieautomobile.com\/index.php\/wp-json\/wp\/v2\/media?parent=3768"}],"wp:term":[{"taxonomy":"product_brand","embeddable":true,"href":"https:\/\/brianbena-nostalgieautomobile.com\/index.php\/wp-json\/wp\/v2\/product_brand?post=3768"},{"taxonomy":"product_cat","embeddable":true,"href":"https:\/\/brianbena-nostalgieautomobile.com\/index.php\/wp-json\/wp\/v2\/product_cat?post=3768"},{"taxonomy":"product_tag","embeddable":true,"href":"https:\/\/brianbena-nostalgieautomobile.com\/index.php\/wp-json\/wp\/v2\/product_tag?post=3768"}],"curies":[{"name":"wp","href":"https:\/\/api.w.org\/{rel}","templated":true}]}}