{"id":3734,"date":"2024-01-31T10:29:58","date_gmt":"2024-01-31T09:29:58","guid":{"rendered":"https:\/\/brianbena-nostalgieautomobile.com\/?post_type=product&#038;p=3734"},"modified":"2024-07-09T10:27:53","modified_gmt":"2024-07-09T08:27:53","slug":"delahaye-135-m-cabriolet-chapron","status":"publish","type":"product","link":"https:\/\/brianbena-nostalgieautomobile.com\/index.php\/produit\/delahaye-135-m-cabriolet-chapron\/","title":{"rendered":"Delahaye 135 M Cabriolet Chapron"},"content":{"rendered":"<p><span style=\"font-weight: 400;\">Brian B\u00e9na &#8211; Nostalgie Automobile a le plaisir de vous proposer \u00e0 la vente cette Delahaye 135 M Cabriolet Chapron de 1948 :\u00a0<\/span><\/p>\n<p><span style=\"font-weight: 400;\">La Delahaye 135, alliant le raffinement et la sportivit\u00e9.<\/span><\/p>\n<p><span style=\"font-weight: 400;\">Monument de l&rsquo;automobile fran\u00e7aise, repr\u00e9sentative du savoir-faire exceptionnel de la France, elle deviendra le mod\u00e8le le plus embl\u00e9matique de la marque.<\/span><\/p>\n<p><span style=\"font-weight: 400;\">Elle rencontrera un certain succ\u00e8s commercial et une long\u00e9vit\u00e9 exceptionnelle, la Delahaye 135 sera produite entre 1934 jusqu&rsquo;en 1952, avec au total pr\u00e8s de 2600 exemplaires construits, dans de nombreuses carrosseries, puisque son ch\u00e2ssis surbaiss\u00e9 constitue une base id\u00e9ale pour les plus grands carrossiers fran\u00e7ais, Antem, Dubos, Franay, Guillor\u00e9, Saoutchik, Figoni &amp; Falaschi, Letourneur et Marchand, Vanvooren, Labourdette, Chapron\u2026<\/span><\/p>\n<p><span style=\"font-weight: 400;\">Elle remportera de nombreuses comp\u00e9titions, ainsi que de nombreux concours d&rsquo;\u00e9l\u00e9gance !<\/span><\/p>\n<p><span style=\"font-weight: 400;\">Les racines de la Delahaye 135 remontent au mod\u00e8le 138 \u00ab\u00a0Super Luxe\u00a0\u00bb pr\u00e9sent\u00e9e au salon de l&rsquo;Auto de Paris d&rsquo;octobre 1933, cette voiture poss\u00e8de un 6 cylindres en ligne, ce mod\u00e8le va constituer la base de la Delahaye 135, notamment la m\u00e9canique.<\/span><\/p>\n<p><span style=\"font-weight: 400;\">Lors du salon de Paris d&rsquo;octobre 1934, Delahaye pr\u00e9sente la 135, plus profil\u00e9e et plus basse, c\u00f4t\u00e9 motorisation, un 6 cylindres de 3,2 L 18 CV, puis en 1936 une autre motorisation vient compl\u00e9ter la gamme, toujours un 6 cylindres mais avec une cylindr\u00e9e de 3,5 L 20 CV.<\/span><\/p>\n<p><span style=\"font-weight: 400;\">L&#8217;empattement est rallong\u00e9, \u00e0 295 cm pour les trois versions de la 135 :\u00a0<\/span><\/p>\n<p><span style=\"font-weight: 400;\">Normal\/Coupe des Alpes\/Comp\u00e9tition.<\/span><\/p>\n<p><span style=\"font-weight: 400;\">La Delahaye 135 \u00e9voluera avec le temps, en 1938 (ann\u00e9e mod\u00e8le 1939) le 3,2 L 18 CV laissera la place au 3,5 20 CV, la puissance sera de 95 CH \u00e0 110 CH, en fonction notamment des carburateurs, et de 135 ch pour la MS (Modifi\u00e9 Sp\u00e9cial) avec non pas une culasse en fonte comme la 135 M, mais une culasse en alliage l\u00e9ger).<\/span><\/p>\n<p><span style=\"font-weight: 400;\">\u00a0<\/span><span style=\"font-weight: 400;\">Apr\u00e8s la Seconde Guerre mondiale, Delahaye d\u00e9cide de relancer la production de sa 135, et ce durant plusieurs ann\u00e9es, jusqu&rsquo;en 1952 !<\/span><\/p>\n<p><span style=\"font-weight: 400;\">Le mod\u00e8le que nous proposons \u00e0 la vente est une Delahaye 135 M Cabriolet Chapron de 1948,\u00a0<\/span><\/p>\n","protected":false},"excerpt":{"rendered":"<p><span style=\"font-weight: 400;\">\u00c9tat g\u00e9n\u00e9ral :<\/span><\/p>\n<p><span style=\"font-weight: 400;\">Cette Delahaye 135 sort tout juste d\u2019une restauration int\u00e9grale, restaur\u00e9e par son propri\u00e9taire actuel, une auto exceptionnelle, moteur int\u00e9gralement restaur\u00e9 ainsi que ses p\u00e9riph\u00e9riques, elle poss\u00e8de une magnifique combinaison de couleur avec ce bi-ton, (\u00e0 l\u2019origine elle fut livr\u00e9e en bleue), bon de commande disponible sur demande.<\/span><\/p>\n<p>&nbsp;<\/p>\n<p><span style=\"font-weight: 400;\">Son ch\u00e2ssis est arriv\u00e9 en d\u00e9but d\u2019ann\u00e9e 1948 dans les ateliers Chapron de Levallois-Perret, en septembre 1948 la voiture fut termin\u00e9e (mise au point d\u00e9finitive), livr\u00e9e pour un certain Monsieur Maille.<\/span><\/p>\n<p>&nbsp;<\/p>\n<p><span style=\"font-weight: 400;\">Cette voiture est id\u00e9ale pour un collectionneur souhaitant poss\u00e9der une voiture exceptionnelle et restaur\u00e9e par un passionn\u00e9 de la marque.\u00a0<\/span><\/p>\n<p>&nbsp;<\/p>\n<p><span style=\"font-weight: 400;\">Pour plus d&rsquo;informations, n&rsquo;h\u00e9sitez pas \u00e0 nous contacter.<\/span><\/p>\n<p><span style=\"font-weight: 400;\">Voiture visible sur rendez-vous et situ\u00e9e dans les Vosges.<\/span><\/p>\n<p><span style=\"font-weight: 400;\">Brian B\u00e9na &#8211; Nostalgie Automobile :<\/span><\/p>\n<p><span style=\"font-weight: 400;\">Sp\u00e9cialis\u00e9 dans la vente et dans la recherche d&rsquo;automobiles anciennes.<\/span><\/p>\n<p><span style=\"font-weight: 400;\">Nous contacter :<\/span><\/p>\n<p><a href=\"mailto:brianbena83.nostalgieauto@gmail.com\"><span style=\"font-weight: 400;\">brianbena83.nostalgieauto@gmail.com<\/span><\/a><\/p>\n","protected":false},"featured_media":3704,"template":"","meta":{"_monsterinsights_skip_tracking":false,"_monsterinsights_sitenote_active":false,"_monsterinsights_sitenote_note":"","_monsterinsights_sitenote_category":0,"site-sidebar-layout":"default","site-content-layout":"","ast-site-content-layout":"default","site-content-style":"default","site-sidebar-style":"default","ast-global-header-display":"","ast-banner-title-visibility":"","ast-main-header-display":"","ast-hfb-above-header-display":"","ast-hfb-below-header-display":"","ast-hfb-mobile-header-display":"","site-post-title":"","ast-breadcrumbs-content":"","ast-featured-img":"","footer-sml-layout":"","ast-disable-related-posts":"","theme-transparent-header-meta":"default","adv-header-id-meta":"","stick-header-meta":"","header-above-stick-meta":"","header-main-stick-meta":"","header-below-stick-meta":"","astra-migrate-meta-layouts":"set","ast-page-background-enabled":"default","ast-page-background-meta":{"desktop":{"background-color":"","background-image":"","background-repeat":"repeat","background-position":"center center","background-size":"auto","background-attachment":"scroll","background-type":"","background-media":"","overlay-type":"","overlay-color":"","overlay-opacity":"","overlay-gradient":""},"tablet":{"background-color":"","background-image":"","background-repeat":"repeat","background-position":"center center","background-size":"auto","background-attachment":"scroll","background-type":"","background-media":"","overlay-type":"","overlay-color":"","overlay-opacity":"","overlay-gradient":""},"mobile":{"background-color":"","background-image":"","background-repeat":"repeat","background-position":"center center","background-size":"auto","background-attachment":"scroll","background-type":"","background-media":"","overlay-type":"","overlay-color":"","overlay-opacity":"","overlay-gradient":""}},"ast-content-background-meta":{"desktop":{"background-color":"var(--ast-global-color-5)","background-image":"","background-repeat":"repeat","background-position":"center center","background-size":"auto","background-attachment":"scroll","background-type":"","background-media":"","overlay-type":"","overlay-color":"","overlay-opacity":"","overlay-gradient":""},"tablet":{"background-color":"var(--ast-global-color-5)","background-image":"","background-repeat":"repeat","background-position":"center center","background-size":"auto","background-attachment":"scroll","background-type":"","background-media":"","overlay-type":"","overlay-color":"","overlay-opacity":"","overlay-gradient":""},"mobile":{"background-color":"var(--ast-global-color-5)","background-image":"","background-repeat":"repeat","background-position":"center center","background-size":"auto","background-attachment":"scroll","background-type":"","background-media":"","overlay-type":"","overlay-color":"","overlay-opacity":"","overlay-gradient":""}}},"product_brand":[],"product_cat":[67],"product_tag":[45,46,47,23,48,51,53,61,42,43,33,35,54],"class_list":{"0":"post-3734","1":"product","2":"type-product","3":"status-publish","4":"has-post-thumbnail","6":"product_cat-delahaye","7":"product_tag-1930s","8":"product_tag-automobile","9":"product_tag-avantguerre","10":"product_tag-cars","11":"product_tag-carsclassic","12":"product_tag-france","13":"product_tag-paris","14":"product_tag-peugeot","15":"product_tag-voitureancienne","16":"product_tag-voituredecollection","17":"product_tag-voituredeluxe","18":"product_tag-voitureoccasion","19":"product_tag-ww2","20":"pa_annee-127","21":"pa_etat-restauree","22":"pa_marque-delahaye","23":"desktop-align-left","24":"tablet-align-left","25":"mobile-align-left","27":"first","28":"outofstock","29":"sold-individually","30":"shipping-taxable","31":"purchasable","32":"product-type-simple"},"aioseo_notices":[],"_links":{"self":[{"href":"https:\/\/brianbena-nostalgieautomobile.com\/index.php\/wp-json\/wp\/v2\/product\/3734","targetHints":{"allow":["GET"]}}],"collection":[{"href":"https:\/\/brianbena-nostalgieautomobile.com\/index.php\/wp-json\/wp\/v2\/product"}],"about":[{"href":"https:\/\/brianbena-nostalgieautomobile.com\/index.php\/wp-json\/wp\/v2\/types\/product"}],"wp:featuredmedia":[{"embeddable":true,"href":"https:\/\/brianbena-nostalgieautomobile.com\/index.php\/wp-json\/wp\/v2\/media\/3704"}],"wp:attachment":[{"href":"https:\/\/brianbena-nostalgieautomobile.com\/index.php\/wp-json\/wp\/v2\/media?parent=3734"}],"wp:term":[{"taxonomy":"product_brand","embeddable":true,"href":"https:\/\/brianbena-nostalgieautomobile.com\/index.php\/wp-json\/wp\/v2\/product_brand?post=3734"},{"taxonomy":"product_cat","embeddable":true,"href":"https:\/\/brianbena-nostalgieautomobile.com\/index.php\/wp-json\/wp\/v2\/product_cat?post=3734"},{"taxonomy":"product_tag","embeddable":true,"href":"https:\/\/brianbena-nostalgieautomobile.com\/index.php\/wp-json\/wp\/v2\/product_tag?post=3734"}],"curies":[{"name":"wp","href":"https:\/\/api.w.org\/{rel}","templated":true}]}}