{"id":3647,"date":"2023-11-09T16:06:03","date_gmt":"2023-11-09T15:06:03","guid":{"rendered":"https:\/\/brianbena-nostalgieautomobile.com\/?post_type=product&#038;p=3647"},"modified":"2024-07-09T10:28:21","modified_gmt":"2024-07-09T08:28:21","slug":"jaguar-xjs","status":"publish","type":"product","link":"https:\/\/brianbena-nostalgieautomobile.com\/index.php\/produit\/jaguar-xjs\/","title":{"rendered":"Jaguar XJS"},"content":{"rendered":"","protected":false},"excerpt":{"rendered":"<p>Brian B\u00e9na &#8211; Nostalgie Automobile a le plaisir de vous proposer \u00e0 la vente cette Jaguar XJS<br \/>\nCabriolet de 1995<br \/>\nLa Jaguar XJS \u00ab\u00a0entre rupture et modernisme\u00a0\u00bb<br \/>\nPr\u00e9sent\u00e9e en 1975, ce nouveau mod\u00e8le succ\u00e8de \u00e0 la l\u00e9gendaire Jaguar Type-E, dans un<br \/>\npremier temps, son succ\u00e8s sera mod\u00e9r\u00e9, puisque trop moderne pour son \u00e9poque, ses lignes<br \/>\ntendues, certes a\u00e9rodynamiques et inspir\u00e9es de l&rsquo;art moderne, mais ne plaisent pas<br \/>\ntellement \u00e0 son arriv\u00e9e, surtout si on la compare aux lignes sensuelles de sa grande soeur.<br \/>\nLa Jaguar XJ-S \u00e9voluera avec le temps, que ce soit sur sa finition et sa motorisation, au<br \/>\nd\u00e9part le V12 XKE de la Type-E, \u00e0 partir de 1981 appara\u00eet une nouvelle version, le V12 HE<br \/>\n(Higt-Efficiency) qui permet de r\u00e9duire la consommation et d&rsquo;augmenter sa puissance, au<br \/>\nm\u00eame moment diff\u00e9rentes am\u00e9liorations esth\u00e9tiques sont apport\u00e9es \u00e0 l&rsquo;int\u00e9rieur et \u00e0<br \/>\next\u00e9rieur, nouvelles jantes en alliage, inserts en chrome sur les pare-chocs, d\u00e9corations en<br \/>\nbois sur le tableau de bord et les porti\u00e8res.<br \/>\nEn 1983 est pr\u00e9sent\u00e9 un cabriolet (plut\u00f4t type Targa) anim\u00e9 par un nouveau 6 cylindres en<br \/>\nligne de 3,6 litres type AJ6, la XJ-SC, cette version type Targa sera remplac\u00e9e en 1985 par<br \/>\nune vraie cabriolet.<br \/>\nEn 1989 un nouveau V12 appara\u00eet, le 6.0 L (au lieu de 5.3 L).<br \/>\nEn 1991, la Jaguar XJ-S est modifi\u00e9e suite au rachat de Ford (en 1989), elle devient<br \/>\nd\u00e9sormais la XJS (sans trait d&rsquo;union), la lunette arri\u00e8re est agrandie, le 3.6 devient le 4.0 L<br \/>\ntype AJ16, l&rsquo;arri\u00e8re de la XJS change compl\u00e8tement.<br \/>\nLe mod\u00e8le que nous vous proposons \u00e0 la vente est une Jaguar XJS 4.0 L Cabriolet de 1995,<br \/>\ncette version est la plus fiable et appr\u00e9ci\u00e9e, elle poss\u00e8de toutes les am\u00e9liorations<br \/>\nesth\u00e9tiques et m\u00e9caniques de presque 20 ans de carri\u00e8re pour arriver \u00e0 l&rsquo;aboutissement<br \/>\nultime.<br \/>\nCette XJS poss\u00e8de une magnifique configuration, une peinture bordeaux et un int\u00e9rieur noir<br \/>\navec de tr\u00e8s belles boiseries, avec de nombreuses options.<br \/>\nLivr\u00e9e neuve en Allemagne, toujours suivie et entretenue r\u00e9guli\u00e8rement, elle poss\u00e8de son<br \/>\nhistorique, elle appartenait pr\u00e9c\u00e9demment \u00e0 un sp\u00e9cialiste de la marque.<br \/>\nSa carrosserie est pratiquement parfaite, de m\u00eame pour sa sellerie ainsi que sa boiserie.<br \/>\nLe moteur d\u00e9marre et roule parfaitement, cette auto procurera un grand plaisir \u00e0 son<br \/>\nprochain propri\u00e9taire !<br \/>\nPrix demand\u00e9 : 26.000,00\u20ac<br \/>\nDossier photos et vid\u00e9os disponibles sur demande.<br \/>\nPour plus d&rsquo;informations n&rsquo;h\u00e9sitez pas \u00e0 nous contacter.<br \/>\nVoiture visible sur rendez-vous dans les Vosges.<br \/>\nBrian B\u00e9na &#8211; Nostalgie Automobile :<br \/>\nSp\u00e9cialis\u00e9 dans la vente et dans la recherche d&rsquo;automobiles anciennes.<br \/>\nNous contacter :<br \/>\nbrianbena83.nostalgieauto@gmail.com<br \/>\n06 67 90 88 08<\/p>\n","protected":false},"featured_media":3640,"template":"","meta":{"_monsterinsights_skip_tracking":false,"_monsterinsights_sitenote_active":false,"_monsterinsights_sitenote_note":"","_monsterinsights_sitenote_category":0,"site-sidebar-layout":"default","site-content-layout":"","ast-site-content-layout":"default","site-content-style":"default","site-sidebar-style":"default","ast-global-header-display":"","ast-banner-title-visibility":"","ast-main-header-display":"","ast-hfb-above-header-display":"","ast-hfb-below-header-display":"","ast-hfb-mobile-header-display":"","site-post-title":"","ast-breadcrumbs-content":"","ast-featured-img":"","footer-sml-layout":"","ast-disable-related-posts":"","theme-transparent-header-meta":"default","adv-header-id-meta":"","stick-header-meta":"","header-above-stick-meta":"","header-main-stick-meta":"","header-below-stick-meta":"","astra-migrate-meta-layouts":"set","ast-page-background-enabled":"default","ast-page-background-meta":{"desktop":{"background-color":"","background-image":"","background-repeat":"repeat","background-position":"center center","background-size":"auto","background-attachment":"scroll","background-type":"","background-media":"","overlay-type":"","overlay-color":"","overlay-opacity":"","overlay-gradient":""},"tablet":{"background-color":"","background-image":"","background-repeat":"repeat","background-position":"center center","background-size":"auto","background-attachment":"scroll","background-type":"","background-media":"","overlay-type":"","overlay-color":"","overlay-opacity":"","overlay-gradient":""},"mobile":{"background-color":"","background-image":"","background-repeat":"repeat","background-position":"center center","background-size":"auto","background-attachment":"scroll","background-type":"","background-media":"","overlay-type":"","overlay-color":"","overlay-opacity":"","overlay-gradient":""}},"ast-content-background-meta":{"desktop":{"background-color":"var(--ast-global-color-5)","background-image":"","background-repeat":"repeat","background-position":"center center","background-size":"auto","background-attachment":"scroll","background-type":"","background-media":"","overlay-type":"","overlay-color":"","overlay-opacity":"","overlay-gradient":""},"tablet":{"background-color":"var(--ast-global-color-5)","background-image":"","background-repeat":"repeat","background-position":"center center","background-size":"auto","background-attachment":"scroll","background-type":"","background-media":"","overlay-type":"","overlay-color":"","overlay-opacity":"","overlay-gradient":""},"mobile":{"background-color":"var(--ast-global-color-5)","background-image":"","background-repeat":"repeat","background-position":"center center","background-size":"auto","background-attachment":"scroll","background-type":"","background-media":"","overlay-type":"","overlay-color":"","overlay-opacity":"","overlay-gradient":""}}},"product_brand":[],"product_cat":[122],"product_tag":[45,46,47,23,48,51,53,61,42,43,33,35,54],"class_list":{"0":"post-3647","1":"product","2":"type-product","3":"status-publish","4":"has-post-thumbnail","6":"product_cat-jaguar","7":"product_tag-1930s","8":"product_tag-automobile","9":"product_tag-avantguerre","10":"product_tag-cars","11":"product_tag-carsclassic","12":"product_tag-france","13":"product_tag-paris","14":"product_tag-peugeot","15":"product_tag-voitureancienne","16":"product_tag-voituredecollection","17":"product_tag-voituredeluxe","18":"product_tag-voitureoccasion","19":"product_tag-ww2","20":"pa_annee-124","21":"pa_etat-tres-bon","22":"pa_marque-jaguar","23":"desktop-align-left","24":"tablet-align-left","25":"mobile-align-left","27":"first","28":"outofstock","29":"sold-individually","30":"shipping-taxable","31":"purchasable","32":"product-type-simple"},"aioseo_notices":[],"_links":{"self":[{"href":"https:\/\/brianbena-nostalgieautomobile.com\/index.php\/wp-json\/wp\/v2\/product\/3647","targetHints":{"allow":["GET"]}}],"collection":[{"href":"https:\/\/brianbena-nostalgieautomobile.com\/index.php\/wp-json\/wp\/v2\/product"}],"about":[{"href":"https:\/\/brianbena-nostalgieautomobile.com\/index.php\/wp-json\/wp\/v2\/types\/product"}],"wp:featuredmedia":[{"embeddable":true,"href":"https:\/\/brianbena-nostalgieautomobile.com\/index.php\/wp-json\/wp\/v2\/media\/3640"}],"wp:attachment":[{"href":"https:\/\/brianbena-nostalgieautomobile.com\/index.php\/wp-json\/wp\/v2\/media?parent=3647"}],"wp:term":[{"taxonomy":"product_brand","embeddable":true,"href":"https:\/\/brianbena-nostalgieautomobile.com\/index.php\/wp-json\/wp\/v2\/product_brand?post=3647"},{"taxonomy":"product_cat","embeddable":true,"href":"https:\/\/brianbena-nostalgieautomobile.com\/index.php\/wp-json\/wp\/v2\/product_cat?post=3647"},{"taxonomy":"product_tag","embeddable":true,"href":"https:\/\/brianbena-nostalgieautomobile.com\/index.php\/wp-json\/wp\/v2\/product_tag?post=3647"}],"curies":[{"name":"wp","href":"https:\/\/api.w.org\/{rel}","templated":true}]}}