{"id":3235,"date":"2023-09-26T10:45:07","date_gmt":"2023-09-26T08:45:07","guid":{"rendered":"http:\/\/fedgbna.cluster021.hosting.ovh.net\/?post_type=product&#038;p=3235"},"modified":"2025-03-05T16:59:28","modified_gmt":"2025-03-05T15:59:28","slug":"harley-davidson-road-king-classic-1450-de-1999","status":"publish","type":"product","link":"https:\/\/brianbena-nostalgieautomobile.com\/index.php\/produit\/harley-davidson-road-king-classic-1450-de-1999\/","title":{"rendered":"Harley davidson Road King Classic 1450 de 1999"},"content":{"rendered":"","protected":false},"excerpt":{"rendered":"<p><span style=\"font-weight: 400;\">Brian BENA &#8211; Nostalgie Automobile \u00e0 le plaisir de vous proposer \u00e0 la vente cette magnifique Harley Davidson Road King Classic 1450 de 1999 :<\/span><\/p>\n<p><span style=\"font-weight: 400;\">Cette Harley-Davidson appartient \u00e0 un ami, qui poss\u00e8de depuis plus de 15 ans cette moto.<\/span><\/p>\n<p><span style=\"font-weight: 400;\">Elle a 42.000 km, jamais trafiqu\u00e9e ni modifi\u00e9e, en parfait \u00e9tat, silencieux d&rsquo; origine, lors de la vente plusieurs pi\u00e8ces suppl\u00e9mentaires seront fournies : Silencieux sonore, extensions phares et un guidon.<\/span><\/p>\n<p><span style=\"font-weight: 400;\">Cette Harley-Davidson est en tr\u00e8s bel \u00e9tat g\u00e9n\u00e9ral, m\u00e9canique irr\u00e9prochable, entretenue r\u00e9guli\u00e8rement, sa derni\u00e8re r\u00e9vision est r\u00e9cente avec changement de la pompe \u00e0 essence.<\/span><span style=\"font-weight: 400;\">\u00a0<\/span><\/p>\n<p><span style=\"font-weight: 400;\">Dossier photos et vid\u00e9os disponibles sur demande.<\/span><\/p>\n<p><span style=\"font-weight: 400;\">Pour plus d&rsquo;informations n&rsquo;h\u00e9sitez pas \u00e0 nous contacter.<\/span><\/p>\n<p><span style=\"font-weight: 400;\">Moto visible sur rendez-vous \u00e0 Sollies-Toucas.<\/span><\/p>\n<p><span style=\"font-weight: 400;\">Brian B\u00e9na &#8211; Nostalgie Automobile :<\/span><\/p>\n<p><span style=\"font-weight: 400;\">Sp\u00e9cialis\u00e9 dans la vente et dans la recherche d&rsquo;automobiles anciennes.<\/span><\/p>\n","protected":false},"featured_media":3236,"template":"","meta":{"_monsterinsights_skip_tracking":false,"_monsterinsights_sitenote_active":false,"_monsterinsights_sitenote_note":"","_monsterinsights_sitenote_category":0,"site-sidebar-layout":"default","site-content-layout":"","ast-site-content-layout":"default","site-content-style":"default","site-sidebar-style":"default","ast-global-header-display":"","ast-banner-title-visibility":"","ast-main-header-display":"","ast-hfb-above-header-display":"","ast-hfb-below-header-display":"","ast-hfb-mobile-header-display":"","site-post-title":"","ast-breadcrumbs-content":"","ast-featured-img":"","footer-sml-layout":"","ast-disable-related-posts":"","theme-transparent-header-meta":"","adv-header-id-meta":"","stick-header-meta":"","header-above-stick-meta":"","header-main-stick-meta":"","header-below-stick-meta":"","astra-migrate-meta-layouts":"default","ast-page-background-enabled":"default","ast-page-background-meta":{"desktop":{"background-color":"","background-image":"","background-repeat":"repeat","background-position":"center center","background-size":"auto","background-attachment":"scroll","background-type":"","background-media":"","overlay-type":"","overlay-color":"","overlay-opacity":"","overlay-gradient":""},"tablet":{"background-color":"","background-image":"","background-repeat":"repeat","background-position":"center center","background-size":"auto","background-attachment":"scroll","background-type":"","background-media":"","overlay-type":"","overlay-color":"","overlay-opacity":"","overlay-gradient":""},"mobile":{"background-color":"","background-image":"","background-repeat":"repeat","background-position":"center center","background-size":"auto","background-attachment":"scroll","background-type":"","background-media":"","overlay-type":"","overlay-color":"","overlay-opacity":"","overlay-gradient":""}},"ast-content-background-meta":{"desktop":{"background-color":"var(--ast-global-color-5)","background-image":"","background-repeat":"repeat","background-position":"center center","background-size":"auto","background-attachment":"scroll","background-type":"","background-media":"","overlay-type":"","overlay-color":"","overlay-opacity":"","overlay-gradient":""},"tablet":{"background-color":"var(--ast-global-color-5)","background-image":"","background-repeat":"repeat","background-position":"center center","background-size":"auto","background-attachment":"scroll","background-type":"","background-media":"","overlay-type":"","overlay-color":"","overlay-opacity":"","overlay-gradient":""},"mobile":{"background-color":"var(--ast-global-color-5)","background-image":"","background-repeat":"repeat","background-position":"center center","background-size":"auto","background-attachment":"scroll","background-type":"","background-media":"","overlay-type":"","overlay-color":"","overlay-opacity":"","overlay-gradient":""}}},"product_brand":[],"product_cat":[75],"product_tag":[45,46,47,23,48,51,53,61,42,43,33,35,54],"class_list":{"0":"post-3235","1":"product","2":"type-product","3":"status-publish","4":"has-post-thumbnail","6":"product_cat-harley-davidson","7":"product_tag-1930s","8":"product_tag-automobile","9":"product_tag-avantguerre","10":"product_tag-cars","11":"product_tag-carsclassic","12":"product_tag-france","13":"product_tag-paris","14":"product_tag-peugeot","15":"product_tag-voitureancienne","16":"product_tag-voituredecollection","17":"product_tag-voituredeluxe","18":"product_tag-voitureoccasion","19":"product_tag-ww2","20":"pa_annee-103","21":"pa_etat-tres-bon","22":"pa_marque-harley-davidson","23":"desktop-align-left","24":"tablet-align-left","25":"mobile-align-left","27":"first","28":"outofstock","29":"sold-individually","30":"shipping-taxable","31":"purchasable","32":"product-type-simple"},"aioseo_notices":[],"_links":{"self":[{"href":"https:\/\/brianbena-nostalgieautomobile.com\/index.php\/wp-json\/wp\/v2\/product\/3235","targetHints":{"allow":["GET"]}}],"collection":[{"href":"https:\/\/brianbena-nostalgieautomobile.com\/index.php\/wp-json\/wp\/v2\/product"}],"about":[{"href":"https:\/\/brianbena-nostalgieautomobile.com\/index.php\/wp-json\/wp\/v2\/types\/product"}],"wp:featuredmedia":[{"embeddable":true,"href":"https:\/\/brianbena-nostalgieautomobile.com\/index.php\/wp-json\/wp\/v2\/media\/3236"}],"wp:attachment":[{"href":"https:\/\/brianbena-nostalgieautomobile.com\/index.php\/wp-json\/wp\/v2\/media?parent=3235"}],"wp:term":[{"taxonomy":"product_brand","embeddable":true,"href":"https:\/\/brianbena-nostalgieautomobile.com\/index.php\/wp-json\/wp\/v2\/product_brand?post=3235"},{"taxonomy":"product_cat","embeddable":true,"href":"https:\/\/brianbena-nostalgieautomobile.com\/index.php\/wp-json\/wp\/v2\/product_cat?post=3235"},{"taxonomy":"product_tag","embeddable":true,"href":"https:\/\/brianbena-nostalgieautomobile.com\/index.php\/wp-json\/wp\/v2\/product_tag?post=3235"}],"curies":[{"name":"wp","href":"https:\/\/api.w.org\/{rel}","templated":true}]}}