{"id":3205,"date":"2023-09-26T10:14:44","date_gmt":"2023-09-26T08:14:44","guid":{"rendered":"http:\/\/fedgbna.cluster021.hosting.ovh.net\/?post_type=product&#038;p=3205"},"modified":"2024-07-09T10:57:40","modified_gmt":"2024-07-09T08:57:40","slug":"talbot-k-74-cabriolet-de-1929","status":"publish","type":"product","link":"https:\/\/brianbena-nostalgieautomobile.com\/index.php\/produit\/talbot-k-74-cabriolet-de-1929\/","title":{"rendered":"Talbot K-74 Cabriolet de 1929"},"content":{"rendered":"<p><span style=\"font-weight: 400;\">Cette K-74 d\u00e9veloppe 58 ch \u00e0 3500 tr\/mn, la bo\u00eete de vitesses est de 4 rapports, \u00e0 deux baladeurs, pour une vitesse de croisi\u00e8re de plus de 90 km\/h.<\/span><\/p>\n<p><span style=\"font-weight: 400;\">Lors d\u2019un essai paru dans la Vie Automobile le 25 juin 1929, il est indiqu\u00e9 une vitesse maximum de 111 km\/h, atteinte apr\u00e8s 800 m environ, et d\u2019une consommation moyenne de 17 litres aux cent, calcul\u00e9e sur un essai de 1 470 Km.\u00a0<\/span><\/p>\n<p><span style=\"font-weight: 400;\">Cot\u00e9 carrosserie, elle sera disponible en diff\u00e9rentes versions : <\/span><span style=\"font-weight: 400;\">Berline, limousine, coach, cabriolet,\u00a0<\/span><\/p>\n<p><span style=\"font-weight: 400;\">L\u2019auto propos\u00e9e ici \u00e0 la vente est une Talbot K-74 cabriolet de 1929.<\/span><\/p>\n<p><span style=\"font-weight: 400;\">restaur\u00e9e au fil des ann\u00e9es, elle pr\u00e9sente un excellent \u00e9tat g\u00e9n\u00e9ral, sa restauration est d\u2019une excellente qualit\u00e9 et sans entorse \u00e0 l&rsquo;origine.\u00a0<\/span><\/p>\n<p><span style=\"font-weight: 400;\">Son propri\u00e9taire \u00e0 acquis cette magnifique auto il y un peu plus d\u2019une trentaine d\u2019ann\u00e9es, partiellement restaur\u00e9e au moment de l\u2019achat, la peinture \u00e9tait dans un tr\u00e8s bel \u00e9tat, (elle l\u2019est toujours aujourd\u2019hui), il \u00e0 donc entamer le reste de sa restauration :\u00a0<\/span><\/p>\n<p><span style=\"font-weight: 400;\">&#8211; D\u00e9montage complet.<\/span><\/p>\n<p><span style=\"font-weight: 400;\">&#8211; Ch\u00e2ssis restaur\u00e9.\u00a0<\/span><\/p>\n<p><span style=\"font-weight: 400;\">&#8211; Boiserie restaur\u00e9e, (la structure de la caisse, les planchers, les boiseries de la capote)&#8230;<\/span><\/p>\n<p><span style=\"font-weight: 400;\">&#8211; Suspension restaur\u00e9e.<\/span><\/p>\n<p><span style=\"font-weight: 400;\">&#8211; Syst\u00e8me de freinage enti\u00e8rement neuf.<\/span><\/p>\n<p><span style=\"font-weight: 400;\">&#8211; Faisceau \u00e9lectrique neuf.<\/span><\/p>\n<p><span style=\"font-weight: 400;\">&#8211; Dynastar restaur\u00e9e.<\/span><\/p>\n<p><span style=\"font-weight: 400;\">&#8211; Radiateur thermostatique restaur\u00e9.<\/span><\/p>\n<p><span style=\"font-weight: 400;\">&#8211; Direction r\u00e9vis\u00e9e.<\/span><\/p>\n<p><span style=\"font-weight: 400;\">&#8211; Boite de vitesses r\u00e9vis\u00e9e.<\/span><\/p>\n<p><span style=\"font-weight: 400;\">&#8211; Embrayage neuf.<\/span><\/p>\n<p><span style=\"font-weight: 400;\">&#8211; Moteur refait \u00e0 neuf (plus de 20.000\u20ac).<\/span><\/p>\n<p><span style=\"font-weight: 400;\">&#8211; Sellerie neuve (m\u00eame configuration qu&rsquo;\u00e0 l&rsquo;origine).<\/span><\/p>\n<p><span style=\"font-weight: 400;\">&#8211; Capote neuve (m\u00eame configuration qu&rsquo;\u00e0 l&rsquo;origine).<\/span><\/p>\n<p><span style=\"font-weight: 400;\">&#8211; 6 pneus (gamme confort), quasiment neufs.<\/span><\/p>\n<p><span style=\"font-weight: 400;\">&#8211; Chromes en tr\u00e8s bon \u00e9tat.<\/span><\/p>\n<p><span style=\"font-weight: 400;\">&#8211; Pare-chocs d\u2019origine en tr\u00e8s bon \u00e9tat.<\/span><\/p>\n<p><span style=\"font-weight: 400;\">&#8211; Peinture ancienne, en tr\u00e8s bel \u00e9tat avec une magnifique patine (quelques d\u00e9fauts mineurs).<\/span><\/p>\n<p>&nbsp;<\/p>\n<p><span style=\"font-weight: 400;\">Pour plus d\u2019information, n\u2019h\u00e9sitez pas \u00e0 nous contacter.<\/span><\/p>\n<p><span style=\"font-weight: 400;\">Voiture visible sur rendez-vous et situ\u00e9e dans les Vosges.<\/span><\/p>\n<p><span style=\"font-weight: 400;\">Prix 85.000\u20ac<\/span><\/p>\n<p><span style=\"font-weight: 400;\">Brian BENA &#8211; Nostalgie Automobile :<\/span><\/p>\n<p><span style=\"font-weight: 400;\">Sp\u00e9cialis\u00e9 dans la vente et dans la recherche d\u2019automobiles anciennes.<\/span><\/p>\n<p><span style=\"font-weight: 400;\">Cette auto procurera un grand plaisir pour son nouveau propri\u00e9taire, de poss\u00e9der et de rouler avec une telle auto de notre patrimoine automobile et national, un symbole \u00e0 conserver et \u00e0 partager pour transmettre ce savoir-faire fran\u00e7ais<\/span><\/p>\n","protected":false},"excerpt":{"rendered":"<p><span style=\"font-weight: 400;\">Brian BENA &#8211; Nostalgie Automobile a le plaisir de vous proposer \u00e0 la vente cette magnifique Talbot K-74 Cabriolet de 1929<\/span><\/p>\n<p><span style=\"font-weight: 400;\">Dans le milieu des ann\u00e9es 1920, Talbot pr\u00e9sente un nouveau mod\u00e8le, la M67 11 Six, elle fera rapidement vieillir les deux 6 cylindres DUS et TL.<\/span><\/p>\n<p><span style=\"font-weight: 400;\">Durant l\u2019\u00e9t\u00e9 1928, Talbot sort deux nouveaux mod\u00e8les, la 14 CV K-74 et la 17 CV P-75, ils seront pr\u00e9sent\u00e9s au salon de l\u2019Automobile de Paris de la m\u00eame ann\u00e9e.\u00a0\u00a0<\/span><\/p>\n<p><span style=\"font-weight: 400;\">La 14 CV K-74 rempla\u00e7ait la vieille DUS, sortie en 1925, cette nouvelle Talbot K-74 poss\u00e8de le ch\u00e2ssis de la M-67 11 Six, (empattement 3,235m).<\/span><span style=\"font-weight: 400;\">\u00a0<\/span><\/p>\n<p><span style=\"font-weight: 400;\">C\u00f4t\u00e9 m\u00e9canique, elle est tr\u00e8s bien con\u00e7ue, 6 cylindres en ligne, moteur \u00e0 soupapes en t\u00eate culbut\u00e9 (assez rare pour l\u2019\u00e9poque !), le moteur poss\u00e8de une architecture semblable \u00e0 la M67 11 Six, \u00e0 la diff\u00e9rence que l\u2019al\u00e9sage est port\u00e9e \u00e0 74 mm, la course de 94 mm, le tout pour une cylindr\u00e9e de 2421 cm3, (2438 cm3 pour les derni\u00e8res produites car la course est de 94,5 mm), le carburateur est un Solex 40 VAFD pour le 2421 cm3, et un Solex FVSD pour le 2438 cm3).<\/span><\/p>\n<p><span style=\"font-weight: 400;\">Une diff\u00e9rence int\u00e9ressante, le vilebrequin poss\u00e8de d\u00e9sormais 7 paliers au lieu de 4, mais il est \u00e0 nouveau estamp\u00e9 au lieu d&rsquo;\u00eatre usin\u00e9 dans la masse.<\/span><\/p>\n<p><span style=\"font-weight: 400;\">La K-74 mais aussi la P-75, b\u00e9n\u00e9ficient d\u2019un radiateur muni de plusieurs volets thermostatiques, elles sont \u00e9galement munies d\u2019un syst\u00e8me T\u00e9calemit de graissage central qui allait \u00e9quiper pratiquement toutes les Talbot de tourisme jusqu&rsquo;en 1939.<\/span><\/p>\n","protected":false},"featured_media":3206,"template":"","meta":{"_monsterinsights_skip_tracking":false,"_monsterinsights_sitenote_active":false,"_monsterinsights_sitenote_note":"","_monsterinsights_sitenote_category":0,"site-sidebar-layout":"default","site-content-layout":"","ast-site-content-layout":"default","site-content-style":"default","site-sidebar-style":"default","ast-global-header-display":"","ast-banner-title-visibility":"","ast-main-header-display":"","ast-hfb-above-header-display":"","ast-hfb-below-header-display":"","ast-hfb-mobile-header-display":"","site-post-title":"","ast-breadcrumbs-content":"","ast-featured-img":"","footer-sml-layout":"","ast-disable-related-posts":"","theme-transparent-header-meta":"default","adv-header-id-meta":"","stick-header-meta":"","header-above-stick-meta":"","header-main-stick-meta":"","header-below-stick-meta":"","astra-migrate-meta-layouts":"set","ast-page-background-enabled":"default","ast-page-background-meta":{"desktop":{"background-color":"","background-image":"","background-repeat":"repeat","background-position":"center center","background-size":"auto","background-attachment":"scroll","background-type":"","background-media":"","overlay-type":"","overlay-color":"","overlay-opacity":"","overlay-gradient":""},"tablet":{"background-color":"","background-image":"","background-repeat":"repeat","background-position":"center center","background-size":"auto","background-attachment":"scroll","background-type":"","background-media":"","overlay-type":"","overlay-color":"","overlay-opacity":"","overlay-gradient":""},"mobile":{"background-color":"","background-image":"","background-repeat":"repeat","background-position":"center center","background-size":"auto","background-attachment":"scroll","background-type":"","background-media":"","overlay-type":"","overlay-color":"","overlay-opacity":"","overlay-gradient":""}},"ast-content-background-meta":{"desktop":{"background-color":"var(--ast-global-color-5)","background-image":"","background-repeat":"repeat","background-position":"center center","background-size":"auto","background-attachment":"scroll","background-type":"","background-media":"","overlay-type":"","overlay-color":"","overlay-opacity":"","overlay-gradient":""},"tablet":{"background-color":"var(--ast-global-color-5)","background-image":"","background-repeat":"repeat","background-position":"center center","background-size":"auto","background-attachment":"scroll","background-type":"","background-media":"","overlay-type":"","overlay-color":"","overlay-opacity":"","overlay-gradient":""},"mobile":{"background-color":"var(--ast-global-color-5)","background-image":"","background-repeat":"repeat","background-position":"center center","background-size":"auto","background-attachment":"scroll","background-type":"","background-media":"","overlay-type":"","overlay-color":"","overlay-opacity":"","overlay-gradient":""}}},"product_brand":[],"product_cat":[73],"product_tag":[45,46,47,23,48,51,53,61,42,43,33,35,54],"class_list":{"0":"post-3205","1":"product","2":"type-product","3":"status-publish","4":"has-post-thumbnail","6":"product_cat-talbot","7":"product_tag-1930s","8":"product_tag-automobile","9":"product_tag-avantguerre","10":"product_tag-cars","11":"product_tag-carsclassic","12":"product_tag-france","13":"product_tag-paris","14":"product_tag-peugeot","15":"product_tag-voitureancienne","16":"product_tag-voituredecollection","17":"product_tag-voituredeluxe","18":"product_tag-voitureoccasion","19":"product_tag-ww2","20":"pa_annee-81","21":"pa_etat-partiellement-restauree","22":"pa_marque-talbot","23":"desktop-align-left","24":"tablet-align-left","25":"mobile-align-left","27":"first","28":"outofstock","29":"sold-individually","30":"shipping-taxable","31":"purchasable","32":"product-type-simple"},"aioseo_notices":[],"_links":{"self":[{"href":"https:\/\/brianbena-nostalgieautomobile.com\/index.php\/wp-json\/wp\/v2\/product\/3205","targetHints":{"allow":["GET"]}}],"collection":[{"href":"https:\/\/brianbena-nostalgieautomobile.com\/index.php\/wp-json\/wp\/v2\/product"}],"about":[{"href":"https:\/\/brianbena-nostalgieautomobile.com\/index.php\/wp-json\/wp\/v2\/types\/product"}],"wp:featuredmedia":[{"embeddable":true,"href":"https:\/\/brianbena-nostalgieautomobile.com\/index.php\/wp-json\/wp\/v2\/media\/3206"}],"wp:attachment":[{"href":"https:\/\/brianbena-nostalgieautomobile.com\/index.php\/wp-json\/wp\/v2\/media?parent=3205"}],"wp:term":[{"taxonomy":"product_brand","embeddable":true,"href":"https:\/\/brianbena-nostalgieautomobile.com\/index.php\/wp-json\/wp\/v2\/product_brand?post=3205"},{"taxonomy":"product_cat","embeddable":true,"href":"https:\/\/brianbena-nostalgieautomobile.com\/index.php\/wp-json\/wp\/v2\/product_cat?post=3205"},{"taxonomy":"product_tag","embeddable":true,"href":"https:\/\/brianbena-nostalgieautomobile.com\/index.php\/wp-json\/wp\/v2\/product_tag?post=3205"}],"curies":[{"name":"wp","href":"https:\/\/api.w.org\/{rel}","templated":true}]}}