{"id":2980,"date":"2023-08-09T10:46:36","date_gmt":"2023-08-09T08:46:36","guid":{"rendered":"http:\/\/fedgbna.cluster021.hosting.ovh.net\/?post_type=product&#038;p=2980"},"modified":"2025-03-21T09:16:18","modified_gmt":"2025-03-21T08:16:18","slug":"rolls-royce-2025-1935","status":"publish","type":"product","link":"https:\/\/brianbena-nostalgieautomobile.com\/index.php\/produit\/rolls-royce-2025-1935\/","title":{"rendered":"Rolls-Royce 2025 1935"},"content":{"rendered":"","protected":false},"excerpt":{"rendered":"<p>Brian B\u00e9na &#8211; Nostalgie automobile \u00e0 le plaisir de vous proposer \u00e0 la vente cette Rolls-Royce 20\/25 :<\/p>\n<p>Sortie en 1929, cette nouvelle Rolls-Royce remplace la Twenty, avec l\u2019arriv\u00e9e d\u2019un moteur plus puissant, 6 cylindres, d\u2019une cylindr\u00e9e de 3680 cm3, avec une vitesse de croisi\u00e8re de 100 km\/h.<\/p>\n<p>Elle sera produite \u00e0 3.827 exemplaires entre 1929 \u00e0 1937.<\/p>\n<p>L\u2019auto pr\u00e9sent\u00e9e ici \u00e0 la vente est une Rolls-Royce 20\/25 de 1935.<br \/>\nEnti\u00e8rement restaur\u00e9e, pr\u00eate \u00e0 prendre la route.<\/p>\n<p>Cette auto procurera \u00e0 son prochain propri\u00e9taire un grand plaisir \u00e0 rouler et de poss\u00e9der une telle auto de notre patrimoine automobile, un symbole \u00e0 conserver et \u00e0 partager pour transmettre ce savoir-faire.<\/p>\n<p>Pour plus d&rsquo;information, n&rsquo;h\u00e9sitez pas \u00e0 nous contacter.<\/p>\n","protected":false},"featured_media":2981,"template":"","meta":{"_monsterinsights_skip_tracking":false,"_monsterinsights_sitenote_active":false,"_monsterinsights_sitenote_note":"","_monsterinsights_sitenote_category":0,"site-sidebar-layout":"default","site-content-layout":"","ast-site-content-layout":"default","site-content-style":"default","site-sidebar-style":"default","ast-global-header-display":"","ast-banner-title-visibility":"","ast-main-header-display":"","ast-hfb-above-header-display":"","ast-hfb-below-header-display":"","ast-hfb-mobile-header-display":"","site-post-title":"","ast-breadcrumbs-content":"","ast-featured-img":"","footer-sml-layout":"","ast-disable-related-posts":"","theme-transparent-header-meta":"","adv-header-id-meta":"","stick-header-meta":"","header-above-stick-meta":"","header-main-stick-meta":"","header-below-stick-meta":"","astra-migrate-meta-layouts":"default","ast-page-background-enabled":"default","ast-page-background-meta":{"desktop":{"background-color":"","background-image":"","background-repeat":"repeat","background-position":"center center","background-size":"auto","background-attachment":"scroll","background-type":"","background-media":"","overlay-type":"","overlay-color":"","overlay-opacity":"","overlay-gradient":""},"tablet":{"background-color":"","background-image":"","background-repeat":"repeat","background-position":"center center","background-size":"auto","background-attachment":"scroll","background-type":"","background-media":"","overlay-type":"","overlay-color":"","overlay-opacity":"","overlay-gradient":""},"mobile":{"background-color":"","background-image":"","background-repeat":"repeat","background-position":"center center","background-size":"auto","background-attachment":"scroll","background-type":"","background-media":"","overlay-type":"","overlay-color":"","overlay-opacity":"","overlay-gradient":""}},"ast-content-background-meta":{"desktop":{"background-color":"var(--ast-global-color-5)","background-image":"","background-repeat":"repeat","background-position":"center center","background-size":"auto","background-attachment":"scroll","background-type":"","background-media":"","overlay-type":"","overlay-color":"","overlay-opacity":"","overlay-gradient":""},"tablet":{"background-color":"var(--ast-global-color-5)","background-image":"","background-repeat":"repeat","background-position":"center center","background-size":"auto","background-attachment":"scroll","background-type":"","background-media":"","overlay-type":"","overlay-color":"","overlay-opacity":"","overlay-gradient":""},"mobile":{"background-color":"var(--ast-global-color-5)","background-image":"","background-repeat":"repeat","background-position":"center center","background-size":"auto","background-attachment":"scroll","background-type":"","background-media":"","overlay-type":"","overlay-color":"","overlay-opacity":"","overlay-gradient":""}}},"product_brand":[],"product_cat":[72],"product_tag":[45,46,47,23,48,51,53,61,42,43,33,35,54],"class_list":{"0":"post-2980","1":"product","2":"type-product","3":"status-publish","4":"has-post-thumbnail","6":"product_cat-rolls-royce","7":"product_tag-1930s","8":"product_tag-automobile","9":"product_tag-avantguerre","10":"product_tag-cars","11":"product_tag-carsclassic","12":"product_tag-france","13":"product_tag-paris","14":"product_tag-peugeot","15":"product_tag-voitureancienne","16":"product_tag-voituredecollection","17":"product_tag-voituredeluxe","18":"product_tag-voitureoccasion","19":"product_tag-ww2","20":"pa_annee-96","21":"pa_etat-tres-bon","22":"pa_marque-rolls-royce","23":"desktop-align-left","24":"tablet-align-left","25":"mobile-align-left","27":"first","28":"outofstock","29":"featured","30":"sold-individually","31":"shipping-taxable","32":"purchasable","33":"product-type-simple"},"aioseo_notices":[],"_links":{"self":[{"href":"https:\/\/brianbena-nostalgieautomobile.com\/index.php\/wp-json\/wp\/v2\/product\/2980","targetHints":{"allow":["GET"]}}],"collection":[{"href":"https:\/\/brianbena-nostalgieautomobile.com\/index.php\/wp-json\/wp\/v2\/product"}],"about":[{"href":"https:\/\/brianbena-nostalgieautomobile.com\/index.php\/wp-json\/wp\/v2\/types\/product"}],"wp:featuredmedia":[{"embeddable":true,"href":"https:\/\/brianbena-nostalgieautomobile.com\/index.php\/wp-json\/wp\/v2\/media\/2981"}],"wp:attachment":[{"href":"https:\/\/brianbena-nostalgieautomobile.com\/index.php\/wp-json\/wp\/v2\/media?parent=2980"}],"wp:term":[{"taxonomy":"product_brand","embeddable":true,"href":"https:\/\/brianbena-nostalgieautomobile.com\/index.php\/wp-json\/wp\/v2\/product_brand?post=2980"},{"taxonomy":"product_cat","embeddable":true,"href":"https:\/\/brianbena-nostalgieautomobile.com\/index.php\/wp-json\/wp\/v2\/product_cat?post=2980"},{"taxonomy":"product_tag","embeddable":true,"href":"https:\/\/brianbena-nostalgieautomobile.com\/index.php\/wp-json\/wp\/v2\/product_tag?post=2980"}],"curies":[{"name":"wp","href":"https:\/\/api.w.org\/{rel}","templated":true}]}}