{"id":2914,"date":"2023-08-09T09:10:21","date_gmt":"2023-08-09T07:10:21","guid":{"rendered":"http:\/\/fedgbna.cluster021.hosting.ovh.net\/?post_type=product&#038;p=2914"},"modified":"2025-03-21T09:13:08","modified_gmt":"2025-03-21T08:13:08","slug":"delahaye-torpedo-107-1927","status":"publish","type":"product","link":"https:\/\/brianbena-nostalgieautomobile.com\/index.php\/produit\/delahaye-torpedo-107-1927\/","title":{"rendered":"Delahaye Torp\u00e9do 107 1927"},"content":{"rendered":"","protected":false},"excerpt":{"rendered":"<div class=\"x11i5rnm xat24cr x1mh8g0r x1vvkbs xtlvy1s x126k92a\">\n<div dir=\"auto\">\n<div class=\"x11i5rnm xat24cr x1mh8g0r x1vvkbs xtlvy1s x126k92a\">\n<div dir=\"auto\">\n<div class=\"x11i5rnm xat24cr x1mh8g0r x1vvkbs xtlvy1s x126k92a\">\n<div dir=\"auto\">\n<p>Brian B\u00e9na &#8211; Nostalgie automobile \u00e0 le plaisir de vous proposer \u00e0 la vente cette Delahaye 107 Torp\u00e9do.<\/p>\n<p>Sortie en 1927, cette nouvelle Delahaye poss\u00e8de un moteur 4 cylindres en ligne, \u00e0 soupapes en t\u00eate (rare pour l&rsquo;\u00e9poque), d&rsquo;une cylindr\u00e9e de 1791 cm3, il d\u00e9veloppe 38 CV pour 10 CV fiscaux, accoupl\u00e9 \u00e0 une bo\u00eete de vitesses \u00e0 4 rapports.<br \/>\nLes 4 roues sont munies de freins \u00e0 tambour autoserreurs,<\/p>\n<p>Elle sera produite entre 1927 \u00e0 1929.<\/p>\n<p>L&rsquo;auto propos\u00e9e ici \u00e0 la vente est une Delahaye Torp\u00e9do 107 Torp\u00e9do.<br \/>\nCette auto se trouve dans un bel \u00e9tat g\u00e9n\u00e9ral, restaur\u00e9e.<\/p>\n<p>Cette auto procurera \u00e0 son prochain propri\u00e9taire un grand plaisir \u00e0 rouler et de poss\u00e9der une telle auto de notre patrimoine automobile et national, un symbole \u00e0 conserver et \u00e0 partager pour transmettre ce savoir-faire fran\u00e7ais.<\/p>\n<p>Pour plus d&rsquo;information, n&rsquo;h\u00e9sitez pas \u00e0 nous contacter.<\/p>\n<\/div>\n<\/div>\n<\/div>\n<\/div>\n<\/div>\n<\/div>\n","protected":false},"featured_media":2915,"template":"","meta":{"_monsterinsights_skip_tracking":false,"_monsterinsights_sitenote_active":false,"_monsterinsights_sitenote_note":"","_monsterinsights_sitenote_category":0,"site-sidebar-layout":"default","site-content-layout":"","ast-site-content-layout":"default","site-content-style":"default","site-sidebar-style":"default","ast-global-header-display":"","ast-banner-title-visibility":"","ast-main-header-display":"","ast-hfb-above-header-display":"","ast-hfb-below-header-display":"","ast-hfb-mobile-header-display":"","site-post-title":"","ast-breadcrumbs-content":"","ast-featured-img":"","footer-sml-layout":"","ast-disable-related-posts":"","theme-transparent-header-meta":"","adv-header-id-meta":"","stick-header-meta":"","header-above-stick-meta":"","header-main-stick-meta":"","header-below-stick-meta":"","astra-migrate-meta-layouts":"default","ast-page-background-enabled":"default","ast-page-background-meta":{"desktop":{"background-color":"","background-image":"","background-repeat":"repeat","background-position":"center center","background-size":"auto","background-attachment":"scroll","background-type":"","background-media":"","overlay-type":"","overlay-color":"","overlay-opacity":"","overlay-gradient":""},"tablet":{"background-color":"","background-image":"","background-repeat":"repeat","background-position":"center center","background-size":"auto","background-attachment":"scroll","background-type":"","background-media":"","overlay-type":"","overlay-color":"","overlay-opacity":"","overlay-gradient":""},"mobile":{"background-color":"","background-image":"","background-repeat":"repeat","background-position":"center center","background-size":"auto","background-attachment":"scroll","background-type":"","background-media":"","overlay-type":"","overlay-color":"","overlay-opacity":"","overlay-gradient":""}},"ast-content-background-meta":{"desktop":{"background-color":"var(--ast-global-color-5)","background-image":"","background-repeat":"repeat","background-position":"center center","background-size":"auto","background-attachment":"scroll","background-type":"","background-media":"","overlay-type":"","overlay-color":"","overlay-opacity":"","overlay-gradient":""},"tablet":{"background-color":"var(--ast-global-color-5)","background-image":"","background-repeat":"repeat","background-position":"center center","background-size":"auto","background-attachment":"scroll","background-type":"","background-media":"","overlay-type":"","overlay-color":"","overlay-opacity":"","overlay-gradient":""},"mobile":{"background-color":"var(--ast-global-color-5)","background-image":"","background-repeat":"repeat","background-position":"center center","background-size":"auto","background-attachment":"scroll","background-type":"","background-media":"","overlay-type":"","overlay-color":"","overlay-opacity":"","overlay-gradient":""}}},"product_brand":[],"product_cat":[67],"product_tag":[47,23,51,52,53,57,58,59,32,42,43,35,54],"class_list":{"0":"post-2914","1":"product","2":"type-product","3":"status-publish","4":"has-post-thumbnail","6":"product_cat-delahaye","7":"product_tag-avantguerre","8":"product_tag-cars","9":"product_tag-france","10":"product_tag-panhard","11":"product_tag-paris","12":"product_tag-patrimoine","13":"product_tag-patrimoinefrancais","14":"product_tag-unic","15":"product_tag-voiture","16":"product_tag-voitureancienne","17":"product_tag-voituredecollection","18":"product_tag-voitureoccasion","19":"product_tag-ww2","20":"pa_etat-tres-bon","21":"desktop-align-left","22":"tablet-align-left","23":"mobile-align-left","25":"first","26":"outofstock","27":"featured","28":"sold-individually","29":"shipping-taxable","30":"purchasable","31":"product-type-simple"},"aioseo_notices":[],"_links":{"self":[{"href":"https:\/\/brianbena-nostalgieautomobile.com\/index.php\/wp-json\/wp\/v2\/product\/2914","targetHints":{"allow":["GET"]}}],"collection":[{"href":"https:\/\/brianbena-nostalgieautomobile.com\/index.php\/wp-json\/wp\/v2\/product"}],"about":[{"href":"https:\/\/brianbena-nostalgieautomobile.com\/index.php\/wp-json\/wp\/v2\/types\/product"}],"wp:featuredmedia":[{"embeddable":true,"href":"https:\/\/brianbena-nostalgieautomobile.com\/index.php\/wp-json\/wp\/v2\/media\/2915"}],"wp:attachment":[{"href":"https:\/\/brianbena-nostalgieautomobile.com\/index.php\/wp-json\/wp\/v2\/media?parent=2914"}],"wp:term":[{"taxonomy":"product_brand","embeddable":true,"href":"https:\/\/brianbena-nostalgieautomobile.com\/index.php\/wp-json\/wp\/v2\/product_brand?post=2914"},{"taxonomy":"product_cat","embeddable":true,"href":"https:\/\/brianbena-nostalgieautomobile.com\/index.php\/wp-json\/wp\/v2\/product_cat?post=2914"},{"taxonomy":"product_tag","embeddable":true,"href":"https:\/\/brianbena-nostalgieautomobile.com\/index.php\/wp-json\/wp\/v2\/product_tag?post=2914"}],"curies":[{"name":"wp","href":"https:\/\/api.w.org\/{rel}","templated":true}]}}