{"id":2678,"date":"2023-08-02T13:02:57","date_gmt":"2023-08-02T11:02:57","guid":{"rendered":"http:\/\/fedgbna.cluster021.hosting.ovh.net\/?post_type=product&#038;p=2678"},"modified":"2023-11-07T09:52:01","modified_gmt":"2023-11-07T08:52:01","slug":"panhard-x45-coupe-chauffeur-1930","status":"publish","type":"product","link":"https:\/\/brianbena-nostalgieautomobile.com\/index.php\/produit\/panhard-x45-coupe-chauffeur-1930\/","title":{"rendered":"Panhard X45 Coup\u00e9 Chauffeur 1930"},"content":{"rendered":"","protected":false},"excerpt":{"rendered":"<div class=\"x11i5rnm xat24cr x1mh8g0r x1vvkbs xtlvy1s x126k92a\">\n<div dir=\"auto\">\n<div class=\"x11i5rnm xat24cr x1mh8g0r x1vvkbs xtlvy1s x126k92a\">\n<div dir=\"auto\">\n<div class=\"x11i5rnm xat24cr x1mh8g0r x1vvkbs xtlvy1s x126k92a\">\n<div dir=\"auto\">\n<p>Brian B\u00e9na &#8211; Nostalgie automobile \u00e0 le plaisir de vous proposer \u00e0 la vente cette Panhard X45 de 1930 &#8211; ex Pr\u00e9fecture de Police de Paris :<\/p>\n<p>Sortie en octobre 1922, cette nouvelle Panhard se situe dans le milieu de gamme, (un beau milieu de gamme)<\/p>\n<p>En 1922, Panhard souhaite se lancer dans la construction d\u2019une voiture milieu de gamme et pr\u00e9sente une nouvelle Panhard, la X45.<br \/>\nElle est motoris\u00e9e par un moteur 4 cylindres en ligne, 2297 cm3, sans soupapes, 12cv fiscaux. Produite \u00e0 2478 exemplaires exactement, entre 1922 \u00e0 1930.<\/p>\n<p>L\u2019auto pr\u00e9sent\u00e9e ici \u00e0 la vente est une Panhard X45 de 1930 (23 exemplaires produits), son num\u00e9ro de ch\u00e2ssis indique qu\u2019il s&rsquo;agit d\u2019une des toutes derni\u00e8res produites.<br \/>\nLe 24 septembre 1932, elle est achet\u00e9e par la Pr\u00e9fecture de Police de Paris (64 Boulevard de l&rsquo;H\u00f4pital), et sera carross\u00e9e en Coup\u00e9 Chauffeur le mois suivant, par la c\u00e9l\u00e8bre carrosserie Janssen.<br \/>\nIl s&rsquo;agit donc d\u2019une voiture attribu\u00e9e \u00e0 un haut fonctionnaire de la Pr\u00e9fecture de Police de Paris, peut \u00eatre un commissaire, voire m\u00eame un Pr\u00e9fet !<\/p>\n<p>Ch\u00e2ssis, train avant et arri\u00e8re, roues, moteur et boite de vitesses ainsi que la face avant avec la partie chauffeur sont pr\u00e9sents, il manque la caisse carross\u00e9e.<\/p>\n<p>Cette auto n\u00e9cessitera pour son futur acqu\u00e9reur une restauration compl\u00e8te, mais quel plaisir de restaurer et de poss\u00e9der une telle auto de notre patrimoine automobile et national, un symbole \u00e0 conserver et \u00e0 partager pour transmettre ce savoir-faire fran\u00e7ais.<\/p>\n<p>&nbsp;<\/p>\n<\/div>\n<\/div>\n<\/div>\n<\/div>\n<\/div>\n<\/div>\n","protected":false},"featured_media":2679,"template":"","meta":{"_monsterinsights_skip_tracking":false,"_monsterinsights_sitenote_active":false,"_monsterinsights_sitenote_note":"","_monsterinsights_sitenote_category":0,"site-sidebar-layout":"default","site-content-layout":"","ast-site-content-layout":"default","site-content-style":"default","site-sidebar-style":"default","ast-global-header-display":"","ast-banner-title-visibility":"","ast-main-header-display":"","ast-hfb-above-header-display":"","ast-hfb-below-header-display":"","ast-hfb-mobile-header-display":"","site-post-title":"","ast-breadcrumbs-content":"","ast-featured-img":"","footer-sml-layout":"","ast-disable-related-posts":"","theme-transparent-header-meta":"default","adv-header-id-meta":"","stick-header-meta":"","header-above-stick-meta":"","header-main-stick-meta":"","header-below-stick-meta":"","astra-migrate-meta-layouts":"set","ast-page-background-enabled":"default","ast-page-background-meta":{"desktop":{"background-color":"","background-image":"","background-repeat":"repeat","background-position":"center center","background-size":"auto","background-attachment":"scroll","background-type":"","background-media":"","overlay-type":"","overlay-color":"","overlay-opacity":"","overlay-gradient":""},"tablet":{"background-color":"","background-image":"","background-repeat":"repeat","background-position":"center center","background-size":"auto","background-attachment":"scroll","background-type":"","background-media":"","overlay-type":"","overlay-color":"","overlay-opacity":"","overlay-gradient":""},"mobile":{"background-color":"","background-image":"","background-repeat":"repeat","background-position":"center center","background-size":"auto","background-attachment":"scroll","background-type":"","background-media":"","overlay-type":"","overlay-color":"","overlay-opacity":"","overlay-gradient":""}},"ast-content-background-meta":{"desktop":{"background-color":"var(--ast-global-color-5)","background-image":"","background-repeat":"repeat","background-position":"center center","background-size":"auto","background-attachment":"scroll","background-type":"","background-media":"","overlay-type":"","overlay-color":"","overlay-opacity":"","overlay-gradient":""},"tablet":{"background-color":"var(--ast-global-color-5)","background-image":"","background-repeat":"repeat","background-position":"center center","background-size":"auto","background-attachment":"scroll","background-type":"","background-media":"","overlay-type":"","overlay-color":"","overlay-opacity":"","overlay-gradient":""},"mobile":{"background-color":"var(--ast-global-color-5)","background-image":"","background-repeat":"repeat","background-position":"center center","background-size":"auto","background-attachment":"scroll","background-type":"","background-media":"","overlay-type":"","overlay-color":"","overlay-opacity":"","overlay-gradient":""}}},"product_brand":[],"product_cat":[44],"product_tag":[47,23,51,52,53,57,58,59,32,42,43,35,54],"class_list":{"0":"post-2678","1":"product","2":"type-product","3":"status-publish","4":"has-post-thumbnail","6":"product_cat-panhard","7":"product_tag-avantguerre","8":"product_tag-cars","9":"product_tag-france","10":"product_tag-panhard","11":"product_tag-paris","12":"product_tag-patrimoine","13":"product_tag-patrimoinefrancais","14":"product_tag-unic","15":"product_tag-voiture","16":"product_tag-voitureancienne","17":"product_tag-voituredecollection","18":"product_tag-voitureoccasion","19":"product_tag-ww2","20":"pa_etat-a-restaurer","21":"desktop-align-left","22":"tablet-align-left","23":"mobile-align-left","25":"first","26":"outofstock","27":"sold-individually","28":"shipping-taxable","29":"purchasable","30":"product-type-simple"},"aioseo_notices":[],"_links":{"self":[{"href":"https:\/\/brianbena-nostalgieautomobile.com\/index.php\/wp-json\/wp\/v2\/product\/2678","targetHints":{"allow":["GET"]}}],"collection":[{"href":"https:\/\/brianbena-nostalgieautomobile.com\/index.php\/wp-json\/wp\/v2\/product"}],"about":[{"href":"https:\/\/brianbena-nostalgieautomobile.com\/index.php\/wp-json\/wp\/v2\/types\/product"}],"wp:featuredmedia":[{"embeddable":true,"href":"https:\/\/brianbena-nostalgieautomobile.com\/index.php\/wp-json\/wp\/v2\/media\/2679"}],"wp:attachment":[{"href":"https:\/\/brianbena-nostalgieautomobile.com\/index.php\/wp-json\/wp\/v2\/media?parent=2678"}],"wp:term":[{"taxonomy":"product_brand","embeddable":true,"href":"https:\/\/brianbena-nostalgieautomobile.com\/index.php\/wp-json\/wp\/v2\/product_brand?post=2678"},{"taxonomy":"product_cat","embeddable":true,"href":"https:\/\/brianbena-nostalgieautomobile.com\/index.php\/wp-json\/wp\/v2\/product_cat?post=2678"},{"taxonomy":"product_tag","embeddable":true,"href":"https:\/\/brianbena-nostalgieautomobile.com\/index.php\/wp-json\/wp\/v2\/product_tag?post=2678"}],"curies":[{"name":"wp","href":"https:\/\/api.w.org\/{rel}","templated":true}]}}