{"id":2579,"date":"2023-08-01T10:47:14","date_gmt":"2023-08-01T08:47:14","guid":{"rendered":"http:\/\/fedgbna.cluster021.hosting.ovh.net\/?post_type=product&#038;p=2579"},"modified":"2023-09-30T16:24:42","modified_gmt":"2023-09-30T14:24:42","slug":"panhard-dynamic-x77-1936","status":"publish","type":"product","link":"https:\/\/brianbena-nostalgieautomobile.com\/index.php\/produit\/panhard-dynamic-x77-1936\/","title":{"rendered":"Panhard Dynamic X77 1936"},"content":{"rendered":"","protected":false},"excerpt":{"rendered":"<div class=\"x11i5rnm xat24cr x1mh8g0r x1vvkbs xtlvy1s x126k92a\">\n<div dir=\"auto\">\n<div class=\"x11i5rnm xat24cr x1mh8g0r x1vvkbs xtlvy1s x126k92a\">\n<div dir=\"auto\">\n<div class=\"x11i5rnm xat24cr x1mh8g0r x1vvkbs xtlvy1s x126k92a\">\n<div dir=\"auto\">\n<p>Brian B\u00e9na &#8211; Nostalgie automobile \u00e0 le plaisir de vous proposer \u00e0 la vente cette Panhard<\/p>\n<p>Dynamic :<br \/>\nSortie en 1936, cette nouvelle Panhard r\u00e9volutionne la marque et les codes de l&rsquo;\u00e9poque avec son style moderne et baroque, inspir\u00e9e de la Chrysler Airflow de 1934, la Dynamic se veut moderne tant dans son design que dans sa technologie ; moteur sans soupapes (knight), suspension ind\u00e9pendante avec barres de torsions, freins hydrauliques, caisse monocoque, plancher plat, caoutchoucs qui assurent le r\u00f4le de silentbloc, sans oublier les vitres panoramiques qui permettent de r\u00e9duire consid\u00e9rablement les angles morts, elle est l&rsquo;auto fran\u00e7aise haut de gamme la plus moderne de son \u00e9poque.<\/p>\n<p>H\u00e9las, le Front Populaire, la Seconde Guerre mondiale, le Plan Pons, ne joueront pas en sa faveur et contribueront \u00e0 la fin de la production de ce mod\u00e8le et de cette gamme d&rsquo;autos fran\u00e7aises\u2026<\/p>\n<p>L\u2019auto pr\u00e9sent\u00e9e ici \u00e0 la vente est une Panhard Dynamic X77 140 (moteur 6 cylindres en ligne, 2816 cm3, sans soupapes, 75 chevaux, 16 cv fiscaux, 140 km\/h).<br \/>\nSortie d\u2019usine en 1937, il s\u2019agit donc de la premi\u00e8re version de la Dynamic, petites glaces \u201cpanoramique\u201d, pavillon bas etc\u2026<\/p>\n<p>Cette auto n\u00e9cessitera pour son futur acqu\u00e9reur une restauration compl\u00e8te, mais quel plaisir de restaurer et de poss\u00e9der une telle auto de notre patrimoine automobile et national, un symbole \u00e0 conserver et \u00e0 partager pour transmettre ce savoir-faire fran\u00e7ais.<\/p>\n<\/div>\n<\/div>\n<\/div>\n<\/div>\n<\/div>\n<\/div>\n","protected":false},"featured_media":2580,"template":"","meta":{"_monsterinsights_skip_tracking":false,"_monsterinsights_sitenote_active":false,"_monsterinsights_sitenote_note":"","_monsterinsights_sitenote_category":0,"site-sidebar-layout":"default","site-content-layout":"","ast-site-content-layout":"default","site-content-style":"default","site-sidebar-style":"default","ast-global-header-display":"","ast-banner-title-visibility":"","ast-main-header-display":"","ast-hfb-above-header-display":"","ast-hfb-below-header-display":"","ast-hfb-mobile-header-display":"","site-post-title":"","ast-breadcrumbs-content":"","ast-featured-img":"","footer-sml-layout":"","ast-disable-related-posts":"","theme-transparent-header-meta":"","adv-header-id-meta":"","stick-header-meta":"","header-above-stick-meta":"","header-main-stick-meta":"","header-below-stick-meta":"","astra-migrate-meta-layouts":"default","ast-page-background-enabled":"default","ast-page-background-meta":{"desktop":{"background-color":"","background-image":"","background-repeat":"repeat","background-position":"center center","background-size":"auto","background-attachment":"scroll","background-type":"","background-media":"","overlay-type":"","overlay-color":"","overlay-opacity":"","overlay-gradient":""},"tablet":{"background-color":"","background-image":"","background-repeat":"repeat","background-position":"center center","background-size":"auto","background-attachment":"scroll","background-type":"","background-media":"","overlay-type":"","overlay-color":"","overlay-opacity":"","overlay-gradient":""},"mobile":{"background-color":"","background-image":"","background-repeat":"repeat","background-position":"center center","background-size":"auto","background-attachment":"scroll","background-type":"","background-media":"","overlay-type":"","overlay-color":"","overlay-opacity":"","overlay-gradient":""}},"ast-content-background-meta":{"desktop":{"background-color":"var(--ast-global-color-5)","background-image":"","background-repeat":"repeat","background-position":"center center","background-size":"auto","background-attachment":"scroll","background-type":"","background-media":"","overlay-type":"","overlay-color":"","overlay-opacity":"","overlay-gradient":""},"tablet":{"background-color":"var(--ast-global-color-5)","background-image":"","background-repeat":"repeat","background-position":"center center","background-size":"auto","background-attachment":"scroll","background-type":"","background-media":"","overlay-type":"","overlay-color":"","overlay-opacity":"","overlay-gradient":""},"mobile":{"background-color":"var(--ast-global-color-5)","background-image":"","background-repeat":"repeat","background-position":"center center","background-size":"auto","background-attachment":"scroll","background-type":"","background-media":"","overlay-type":"","overlay-color":"","overlay-opacity":"","overlay-gradient":""}}},"product_brand":[],"product_cat":[44],"product_tag":[47,23,51,52,53,57,58,59,32,42,43,35,54],"class_list":{"0":"post-2579","1":"product","2":"type-product","3":"status-publish","4":"has-post-thumbnail","6":"product_cat-panhard","7":"product_tag-avantguerre","8":"product_tag-cars","9":"product_tag-france","10":"product_tag-panhard","11":"product_tag-paris","12":"product_tag-patrimoine","13":"product_tag-patrimoinefrancais","14":"product_tag-unic","15":"product_tag-voiture","16":"product_tag-voitureancienne","17":"product_tag-voituredecollection","18":"product_tag-voitureoccasion","19":"product_tag-ww2","20":"pa_etat-a-restaurer","21":"desktop-align-left","22":"tablet-align-left","23":"mobile-align-left","25":"first","26":"instock","27":"sold-individually","28":"shipping-taxable","29":"purchasable","30":"product-type-simple"},"aioseo_notices":[],"_links":{"self":[{"href":"https:\/\/brianbena-nostalgieautomobile.com\/index.php\/wp-json\/wp\/v2\/product\/2579","targetHints":{"allow":["GET"]}}],"collection":[{"href":"https:\/\/brianbena-nostalgieautomobile.com\/index.php\/wp-json\/wp\/v2\/product"}],"about":[{"href":"https:\/\/brianbena-nostalgieautomobile.com\/index.php\/wp-json\/wp\/v2\/types\/product"}],"wp:featuredmedia":[{"embeddable":true,"href":"https:\/\/brianbena-nostalgieautomobile.com\/index.php\/wp-json\/wp\/v2\/media\/2580"}],"wp:attachment":[{"href":"https:\/\/brianbena-nostalgieautomobile.com\/index.php\/wp-json\/wp\/v2\/media?parent=2579"}],"wp:term":[{"taxonomy":"product_brand","embeddable":true,"href":"https:\/\/brianbena-nostalgieautomobile.com\/index.php\/wp-json\/wp\/v2\/product_brand?post=2579"},{"taxonomy":"product_cat","embeddable":true,"href":"https:\/\/brianbena-nostalgieautomobile.com\/index.php\/wp-json\/wp\/v2\/product_cat?post=2579"},{"taxonomy":"product_tag","embeddable":true,"href":"https:\/\/brianbena-nostalgieautomobile.com\/index.php\/wp-json\/wp\/v2\/product_tag?post=2579"}],"curies":[{"name":"wp","href":"https:\/\/api.w.org\/{rel}","templated":true}]}}