{"id":1798,"date":"2023-04-05T08:02:33","date_gmt":"2023-04-05T06:02:33","guid":{"rendered":"http:\/\/fedgbna.cluster021.hosting.ovh.net\/?post_type=product&#038;p=1798"},"modified":"2023-09-30T16:24:05","modified_gmt":"2023-09-30T14:24:05","slug":"panhard-pl17-l6-de-1963","status":"publish","type":"product","link":"https:\/\/brianbena-nostalgieautomobile.com\/index.php\/produit\/panhard-pl17-l6-de-1963\/","title":{"rendered":"PANHARD PL 17 L4"},"content":{"rendered":"","protected":false},"excerpt":{"rendered":"<div class=\"x11i5rnm xat24cr x1mh8g0r x1vvkbs xtlvy1s x126k92a\">\n<div dir=\"auto\">\n<div class=\"x11i5rnm xat24cr x1mh8g0r x1vvkbs xtlvy1s x126k92a\">\n<div dir=\"auto\">\n<div class=\"x11i5rnm xat24cr x1mh8g0r x1vvkbs xtlvy1s x126k92a\">\n<div dir=\"auto\">\n<p>Brian B\u00e9na &#8211; Nostalgie automobile \u00e0 le plaisir de vous proposer \u00e0 la vente cette Panhard PL 17 de 1961 :<\/p>\n<p>Pr\u00e9sent\u00e9e en juin 1959, cette nouvelle Panhard est une modernisation de la Panhard Dyna Z, elle se veut moderne pour son \u00e9poque, notamment par son design arrondi, elle est dot\u00e9e d&rsquo;un moteur bicylindre \u00e0 plat \u00e0, d&rsquo;une cylindr\u00e9e de 851 cm3, Il d\u00e9veloppe une puissance de 42 ch SAE pour la version standard et 50 ch SAE en version \u00ab Tigre \u00bb.<\/p>\n<p>Produite \u00e0 166.192 exemplaires, entre 1959 \u00e0 1965.<br \/>\nL\u2019auto pr\u00e9sent\u00e9e ici \u00e0 la vente est une Panhard PL 17 L4 de 1961.<\/p>\n<p>Cette auto n\u00e9cessitera pour son futur acqu\u00e9reur une restauration compl\u00e8te, mais quel plaisir de restaurer et de poss\u00e9der une telle auto de notre patrimoine automobile et national, un symbole \u00e0 conserver et \u00e0 partager pour transmettre ce savoir-faire fran\u00e7ais.<\/p>\n<\/div>\n<\/div>\n<\/div>\n<\/div>\n<\/div>\n<\/div>\n","protected":false},"featured_media":1799,"template":"","meta":{"_monsterinsights_skip_tracking":false,"_monsterinsights_sitenote_active":false,"_monsterinsights_sitenote_note":"","_monsterinsights_sitenote_category":0,"site-sidebar-layout":"default","site-content-layout":"","ast-site-content-layout":"default","site-content-style":"default","site-sidebar-style":"default","ast-global-header-display":"","ast-banner-title-visibility":"","ast-main-header-display":"","ast-hfb-above-header-display":"","ast-hfb-below-header-display":"","ast-hfb-mobile-header-display":"","site-post-title":"","ast-breadcrumbs-content":"","ast-featured-img":"","footer-sml-layout":"","ast-disable-related-posts":"","theme-transparent-header-meta":"","adv-header-id-meta":"","stick-header-meta":"","header-above-stick-meta":"","header-main-stick-meta":"","header-below-stick-meta":"","astra-migrate-meta-layouts":"default","ast-page-background-enabled":"default","ast-page-background-meta":{"desktop":{"background-color":"","background-image":"","background-repeat":"repeat","background-position":"center center","background-size":"auto","background-attachment":"scroll","background-type":"","background-media":"","overlay-type":"","overlay-color":"","overlay-opacity":"","overlay-gradient":""},"tablet":{"background-color":"","background-image":"","background-repeat":"repeat","background-position":"center center","background-size":"auto","background-attachment":"scroll","background-type":"","background-media":"","overlay-type":"","overlay-color":"","overlay-opacity":"","overlay-gradient":""},"mobile":{"background-color":"","background-image":"","background-repeat":"repeat","background-position":"center center","background-size":"auto","background-attachment":"scroll","background-type":"","background-media":"","overlay-type":"","overlay-color":"","overlay-opacity":"","overlay-gradient":""}},"ast-content-background-meta":{"desktop":{"background-color":"var(--ast-global-color-5)","background-image":"","background-repeat":"repeat","background-position":"center center","background-size":"auto","background-attachment":"scroll","background-type":"","background-media":"","overlay-type":"","overlay-color":"","overlay-opacity":"","overlay-gradient":""},"tablet":{"background-color":"var(--ast-global-color-5)","background-image":"","background-repeat":"repeat","background-position":"center center","background-size":"auto","background-attachment":"scroll","background-type":"","background-media":"","overlay-type":"","overlay-color":"","overlay-opacity":"","overlay-gradient":""},"mobile":{"background-color":"var(--ast-global-color-5)","background-image":"","background-repeat":"repeat","background-position":"center center","background-size":"auto","background-attachment":"scroll","background-type":"","background-media":"","overlay-type":"","overlay-color":"","overlay-opacity":"","overlay-gradient":""}}},"product_brand":[],"product_cat":[44],"product_tag":[47,23,51,52,53,57,58,59,32,42,43,35,54],"class_list":{"0":"post-1798","1":"product","2":"type-product","3":"status-publish","4":"has-post-thumbnail","6":"product_cat-panhard","7":"product_tag-avantguerre","8":"product_tag-cars","9":"product_tag-france","10":"product_tag-panhard","11":"product_tag-paris","12":"product_tag-patrimoine","13":"product_tag-patrimoinefrancais","14":"product_tag-unic","15":"product_tag-voiture","16":"product_tag-voitureancienne","17":"product_tag-voituredecollection","18":"product_tag-voitureoccasion","19":"product_tag-ww2","20":"pa_etat-a-restaurer","21":"desktop-align-left","22":"tablet-align-left","23":"mobile-align-left","25":"first","26":"instock","27":"sold-individually","28":"shipping-taxable","29":"purchasable","30":"product-type-simple"},"aioseo_notices":[],"_links":{"self":[{"href":"https:\/\/brianbena-nostalgieautomobile.com\/index.php\/wp-json\/wp\/v2\/product\/1798","targetHints":{"allow":["GET"]}}],"collection":[{"href":"https:\/\/brianbena-nostalgieautomobile.com\/index.php\/wp-json\/wp\/v2\/product"}],"about":[{"href":"https:\/\/brianbena-nostalgieautomobile.com\/index.php\/wp-json\/wp\/v2\/types\/product"}],"wp:featuredmedia":[{"embeddable":true,"href":"https:\/\/brianbena-nostalgieautomobile.com\/index.php\/wp-json\/wp\/v2\/media\/1799"}],"wp:attachment":[{"href":"https:\/\/brianbena-nostalgieautomobile.com\/index.php\/wp-json\/wp\/v2\/media?parent=1798"}],"wp:term":[{"taxonomy":"product_brand","embeddable":true,"href":"https:\/\/brianbena-nostalgieautomobile.com\/index.php\/wp-json\/wp\/v2\/product_brand?post=1798"},{"taxonomy":"product_cat","embeddable":true,"href":"https:\/\/brianbena-nostalgieautomobile.com\/index.php\/wp-json\/wp\/v2\/product_cat?post=1798"},{"taxonomy":"product_tag","embeddable":true,"href":"https:\/\/brianbena-nostalgieautomobile.com\/index.php\/wp-json\/wp\/v2\/product_tag?post=1798"}],"curies":[{"name":"wp","href":"https:\/\/api.w.org\/{rel}","templated":true}]}}