{"id":1101,"date":"2023-02-18T16:13:38","date_gmt":"2023-02-18T15:13:38","guid":{"rendered":"http:\/\/fedgbna.cluster021.hosting.ovh.net\/?post_type=product&#038;p=1101"},"modified":"2023-09-30T16:23:25","modified_gmt":"2023-09-30T14:23:25","slug":"ford-thunderbird","status":"publish","type":"product","link":"https:\/\/brianbena-nostalgieautomobile.com\/index.php\/produit\/ford-thunderbird\/","title":{"rendered":"Ford Thunderbird 1958"},"content":{"rendered":"<div class=\"x11i5rnm xat24cr x1mh8g0r x1vvkbs xtlvy1s x126k92a\">\n<div dir=\"auto\">Un peu d&rsquo;histoire :<\/div>\n<div dir=\"auto\">\n<div class=\"x11i5rnm xat24cr x1mh8g0r x1vvkbs xtlvy1s x126k92a\">\n<div dir=\"auto\">La Ford Thunderbird repr\u00e9sente le sommet de la gamme du constructeur depuis l&rsquo;apparition du premier mod\u00e8le d\u00e9voil\u00e9 en 1955, il s&rsquo;agit d&rsquo;un coupe\/cabriolet 2 places con\u00e7ue pour concurrencer la Corvette de 1953.<\/div>\n<\/div>\n<div class=\"x11i5rnm xat24cr x1mh8g0r x1vvkbs xtlvy1s x126k92a\">\n<div dir=\"auto\">En 1958, appara\u00eet la Thunderbird II (mod\u00e8le pr\u00e9sent\u00e9 ici), dans sa version coup\u00e9, avec son moteur 352ci 5,7 L et sa puissance de 304 CH. Des proportions \u00e0 l&rsquo;am\u00e9ricaine, un style typiquement am\u00e9ricain, bref vous l&rsquo;aurez compris, elle repr\u00e9sente parfaitement l&rsquo;identit\u00e9 et la d\u00e9finition des \u00c9tats-Unis !<\/div>\n<\/div>\n<\/div>\n<\/div>\n","protected":false},"excerpt":{"rendered":"<div class=\"x11i5rnm xat24cr x1mh8g0r x1vvkbs xtlvy1s x126k92a\">\n<div dir=\"auto\">\n<div class=\"x11i5rnm xat24cr x1mh8g0r x1vvkbs xtlvy1s x126k92a\">\n<div dir=\"auto\">Etat g\u00e9n\u00e9ral :<\/div>\n<\/div>\n<div class=\"x11i5rnm xat24cr x1mh8g0r x1vvkbs xtlvy1s x126k92a\">\n<div dir=\"auto\">Import\u00e9e des \u00c9tats-Unis il y une dizaine d&rsquo;ann\u00e9es, son propri\u00e9taire actuel \u00e0 effectuer de nombreux frais c\u00f4t\u00e9 m\u00e9canique afin de garantir un fonctionnement optimal.<\/div>\n<\/div>\n<div class=\"x11i5rnm xat24cr x1mh8g0r x1vvkbs xtlvy1s x126k92a\">\n<div dir=\"auto\">\u00c9tat m\u00e9canique :<\/div>\n<\/div>\n<div class=\"x11i5rnm xat24cr x1mh8g0r x1vvkbs xtlvy1s x126k92a\">\n<div dir=\"auto\">Le moteur fonctionne correctement, la bo\u00eete de vitesses \u00e9galement.<\/div>\n<div dir=\"auto\">La voiture est r\u00e9vis\u00e9e r\u00e9guli\u00e8rement par un professionnel, de nombreuses factures sont disponibles sur demande. Travaux r\u00e9cents: Carburateur neuf, pompe \u00e0 eau, durites, radiateur restaur\u00e9, faisceau d&rsquo;allumage, bobine&#8230;<\/div>\n<\/div>\n<div class=\"x11i5rnm xat24cr x1mh8g0r x1vvkbs xtlvy1s x126k92a\">\n<div dir=\"auto\">\u00c9tat Carrosserie: :<\/div>\n<div dir=\"auto\">Elle est dans son jus, repeinte dans le pass\u00e9, elle pr\u00e9sente des d\u00e9fauts de carrosserie, quelques cloques de rouilles aux bas de caisses, la peinture est \u00e9caill\u00e9e\/craqu\u00e9e \u00e0 quelques endroits, quelques rayures sur la carrosserie.<\/div>\n<div dir=\"auto\">Les chromes sont dans leur jus, hormis le par choc avant qui est neuf (5000\u20ac), celui de l\u00a0\u00bbarri\u00e8re sera \u00e0 changer.<\/div>\n<\/div>\n<div class=\"x11i5rnm xat24cr x1mh8g0r x1vvkbs xtlvy1s x126k92a\">\n<div dir=\"auto\">\u00c9tat Int\u00e9rieur :<\/div>\n<div dir=\"auto\">Il est dans son jus, la sellerie en simili cuir bleu et blanc poss\u00e9ddent des traces d&rsquo;usures, la clim est non fonctionelle, idem pour la radio.<\/div>\n<div dir=\"auto\">Dossier photos\/factures disponibles sur demande, Pour tout renseignements, n&rsquo;h\u00e9sitez pas \u00e0 me contacter :<\/div>\n<\/div>\n<div class=\"x11i5rnm xat24cr x1mh8g0r x1vvkbs xtlvy1s x126k92a\">\n<div dir=\"auto\">Brian B\u00e9na &#8211; Nostalgie Automobile: Sp\u00e9cialis\u00e9 dans la vente et la recherche d&rsquo;automobiles anciennes.<\/div>\n<\/div>\n<\/div>\n<\/div>\n<div class=\"x11i5rnm xat24cr x1mh8g0r x1vvkbs xtlvy1s x126k92a\"><\/div>\n","protected":false},"featured_media":1102,"template":"","meta":{"_monsterinsights_skip_tracking":false,"_monsterinsights_sitenote_active":false,"_monsterinsights_sitenote_note":"","_monsterinsights_sitenote_category":0,"site-sidebar-layout":"default","site-content-layout":"","ast-site-content-layout":"default","site-content-style":"default","site-sidebar-style":"default","ast-global-header-display":"","ast-banner-title-visibility":"","ast-main-header-display":"","ast-hfb-above-header-display":"","ast-hfb-below-header-display":"","ast-hfb-mobile-header-display":"","site-post-title":"","ast-breadcrumbs-content":"","ast-featured-img":"","footer-sml-layout":"","ast-disable-related-posts":"","theme-transparent-header-meta":"","adv-header-id-meta":"","stick-header-meta":"","header-above-stick-meta":"","header-main-stick-meta":"","header-below-stick-meta":"","astra-migrate-meta-layouts":"default","ast-page-background-enabled":"default","ast-page-background-meta":{"desktop":{"background-color":"","background-image":"","background-repeat":"repeat","background-position":"center center","background-size":"auto","background-attachment":"scroll","background-type":"","background-media":"","overlay-type":"","overlay-color":"","overlay-opacity":"","overlay-gradient":""},"tablet":{"background-color":"","background-image":"","background-repeat":"repeat","background-position":"center center","background-size":"auto","background-attachment":"scroll","background-type":"","background-media":"","overlay-type":"","overlay-color":"","overlay-opacity":"","overlay-gradient":""},"mobile":{"background-color":"","background-image":"","background-repeat":"repeat","background-position":"center center","background-size":"auto","background-attachment":"scroll","background-type":"","background-media":"","overlay-type":"","overlay-color":"","overlay-opacity":"","overlay-gradient":""}},"ast-content-background-meta":{"desktop":{"background-color":"var(--ast-global-color-5)","background-image":"","background-repeat":"repeat","background-position":"center center","background-size":"auto","background-attachment":"scroll","background-type":"","background-media":"","overlay-type":"","overlay-color":"","overlay-opacity":"","overlay-gradient":""},"tablet":{"background-color":"var(--ast-global-color-5)","background-image":"","background-repeat":"repeat","background-position":"center center","background-size":"auto","background-attachment":"scroll","background-type":"","background-media":"","overlay-type":"","overlay-color":"","overlay-opacity":"","overlay-gradient":""},"mobile":{"background-color":"var(--ast-global-color-5)","background-image":"","background-repeat":"repeat","background-position":"center center","background-size":"auto","background-attachment":"scroll","background-type":"","background-media":"","overlay-type":"","overlay-color":"","overlay-opacity":"","overlay-gradient":""}}},"product_brand":[],"product_cat":[36],"product_tag":[37,38,23,39,40,41,42,43,35],"class_list":{"0":"post-1101","1":"product","2":"type-product","3":"status-publish","4":"has-post-thumbnail","6":"product_cat-ford","7":"product_tag-ford","8":"product_tag-carclassic","9":"product_tag-cars","10":"product_tag-fordthunderbird","11":"product_tag-usa","12":"product_tag-v8","13":"product_tag-voitureancienne","14":"product_tag-voituredecollection","15":"product_tag-voitureoccasion","16":"desktop-align-left","17":"tablet-align-left","18":"mobile-align-left","20":"first","21":"outofstock","22":"shipping-taxable","23":"purchasable","24":"product-type-simple"},"aioseo_notices":[],"_links":{"self":[{"href":"https:\/\/brianbena-nostalgieautomobile.com\/index.php\/wp-json\/wp\/v2\/product\/1101","targetHints":{"allow":["GET"]}}],"collection":[{"href":"https:\/\/brianbena-nostalgieautomobile.com\/index.php\/wp-json\/wp\/v2\/product"}],"about":[{"href":"https:\/\/brianbena-nostalgieautomobile.com\/index.php\/wp-json\/wp\/v2\/types\/product"}],"wp:featuredmedia":[{"embeddable":true,"href":"https:\/\/brianbena-nostalgieautomobile.com\/index.php\/wp-json\/wp\/v2\/media\/1102"}],"wp:attachment":[{"href":"https:\/\/brianbena-nostalgieautomobile.com\/index.php\/wp-json\/wp\/v2\/media?parent=1101"}],"wp:term":[{"taxonomy":"product_brand","embeddable":true,"href":"https:\/\/brianbena-nostalgieautomobile.com\/index.php\/wp-json\/wp\/v2\/product_brand?post=1101"},{"taxonomy":"product_cat","embeddable":true,"href":"https:\/\/brianbena-nostalgieautomobile.com\/index.php\/wp-json\/wp\/v2\/product_cat?post=1101"},{"taxonomy":"product_tag","embeddable":true,"href":"https:\/\/brianbena-nostalgieautomobile.com\/index.php\/wp-json\/wp\/v2\/product_tag?post=1101"}],"curies":[{"name":"wp","href":"https:\/\/api.w.org\/{rel}","templated":true}]}}